{"id":2398,"date":"2026-02-18T16:45:55","date_gmt":"2026-02-18T16:45:55","guid":{"rendered":"https:\/\/www.ambassadorzermatt.com\/fondue\/"},"modified":"2026-02-27T16:25:34","modified_gmt":"2026-02-27T16:25:34","slug":"fondue-igloo","status":"publish","type":"page","link":"https:\/\/www.ambassadorzermatt.com\/fr\/fondue-igloo\/","title":{"rendered":"Fondue Igloo"},"content":{"rendered":"","protected":false},"excerpt":{"rendered":"","protected":false},"author":1,"featured_media":0,"parent":0,"menu_order":0,"comment_status":"closed","ping_status":"closed","template":"page-templates\/page-fondue.php","meta":{"_acf_changed":false,"footnotes":""},"class_list":["post-2398","page","type-page","status-publish","hentry"],"acf":[],"yoast_head":"<!-- This site is optimized with the Yoast SEO plugin v27.3 - https:\/\/yoast.com\/product\/yoast-seo-wordpress\/ -->\n<title>Fondue Igloo - Ambassador Zermatt<\/title>\n<meta name=\"description\" content=\"Erleben Sie einen unvergesslichen Abend im Ambassador Fondue Igloo in Zermatt. Klassisches K\u00e4sefondue wie Moiti\u00e9-Moiti\u00e9 oder Walliser Horu, Tr\u00fcffel- und Champagner-Varianten \u2013 mitten in der verschneiten Bergwelt.\" \/>\n<meta name=\"robots\" content=\"index, follow, max-snippet:-1, max-image-preview:large, max-video-preview:-1\" \/>\n<link rel=\"canonical\" href=\"https:\/\/www.ambassadorzermatt.com\/fr\/fondue-igloo\/\" \/>\n<meta property=\"og:locale\" content=\"fr_FR\" \/>\n<meta property=\"og:type\" content=\"article\" \/>\n<meta property=\"og:title\" content=\"Fondue Igloo - Ambassador Zermatt\" \/>\n<meta property=\"og:description\" content=\"Erleben Sie einen unvergesslichen Abend im Ambassador Fondue Igloo in Zermatt. Klassisches K\u00e4sefondue wie Moiti\u00e9-Moiti\u00e9 oder Walliser Horu, Tr\u00fcffel- und Champagner-Varianten \u2013 mitten in der verschneiten Bergwelt.\" \/>\n<meta property=\"og:url\" content=\"https:\/\/www.ambassadorzermatt.com\/fr\/fondue-igloo\/\" \/>\n<meta property=\"og:site_name\" content=\"Ambassador Zermatt\" \/>\n<meta property=\"article:modified_time\" content=\"2026-02-27T16:25:34+00:00\" \/>\n<meta name=\"twitter:card\" content=\"summary_large_image\" \/>\n<script type=\"application\/ld+json\" class=\"yoast-schema-graph\">{\"@context\":\"https:\\\/\\\/schema.org\",\"@graph\":[{\"@type\":\"WebPage\",\"@id\":\"https:\\\/\\\/www.ambassadorzermatt.com\\\/fr\\\/fondue-igloo\\\/\",\"url\":\"https:\\\/\\\/www.ambassadorzermatt.com\\\/fr\\\/fondue-igloo\\\/\",\"name\":\"Fondue Igloo - Ambassador Zermatt\",\"isPartOf\":{\"@id\":\"https:\\\/\\\/www.ambassadorzermatt.com\\\/fr\\\/#website\"},\"datePublished\":\"2026-02-18T16:45:55+00:00\",\"dateModified\":\"2026-02-27T16:25:34+00:00\",\"description\":\"Erleben Sie einen unvergesslichen Abend im Ambassador Fondue Igloo in Zermatt. Klassisches K\u00e4sefondue wie Moiti\u00e9-Moiti\u00e9 oder Walliser Horu, Tr\u00fcffel- und Champagner-Varianten \u2013 mitten in der verschneiten Bergwelt.\",\"breadcrumb\":{\"@id\":\"https:\\\/\\\/www.ambassadorzermatt.com\\\/fr\\\/fondue-igloo\\\/#breadcrumb\"},\"inLanguage\":\"fr-FR\",\"potentialAction\":[{\"@type\":\"ReadAction\",\"target\":[\"https:\\\/\\\/www.ambassadorzermatt.com\\\/fr\\\/fondue-igloo\\\/\"]}]},{\"@type\":\"BreadcrumbList\",\"@id\":\"https:\\\/\\\/www.ambassadorzermatt.com\\\/fr\\\/fondue-igloo\\\/#breadcrumb\",\"itemListElement\":[{\"@type\":\"ListItem\",\"position\":1,\"name\":\"Home\",\"item\":\"https:\\\/\\\/www.ambassadorzermatt.com\\\/fr\\\/\"},{\"@type\":\"ListItem\",\"position\":2,\"name\":\"Fondue Igloo\"}]},{\"@type\":\"WebSite\",\"@id\":\"https:\\\/\\\/www.ambassadorzermatt.com\\\/fr\\\/#website\",\"url\":\"https:\\\/\\\/www.ambassadorzermatt.com\\\/fr\\\/\",\"name\":\"Ambassador Zermatt\",\"description\":\"\",\"publisher\":{\"@id\":\"https:\\\/\\\/www.ambassadorzermatt.com\\\/fr\\\/#organization\"},\"potentialAction\":[{\"@type\":\"SearchAction\",\"target\":{\"@type\":\"EntryPoint\",\"urlTemplate\":\"https:\\\/\\\/www.ambassadorzermatt.com\\\/fr\\\/?s={search_term_string}\"},\"query-input\":{\"@type\":\"PropertyValueSpecification\",\"valueRequired\":true,\"valueName\":\"search_term_string\"}}],\"inLanguage\":\"fr-FR\"},{\"@type\":\"Organization\",\"@id\":\"https:\\\/\\\/www.ambassadorzermatt.com\\\/fr\\\/#organization\",\"name\":\"Ambassador Zermatt\",\"url\":\"https:\\\/\\\/www.ambassadorzermatt.com\\\/fr\\\/\",\"logo\":{\"@type\":\"ImageObject\",\"inLanguage\":\"fr-FR\",\"@id\":\"https:\\\/\\\/www.ambassadorzermatt.com\\\/fr\\\/#\\\/schema\\\/logo\\\/image\\\/\",\"url\":\"https:\\\/\\\/www.ambassadorzermatt.com\\\/wp-content\\\/uploads\\\/amabssadorzermatt-logo.png\",\"contentUrl\":\"https:\\\/\\\/www.ambassadorzermatt.com\\\/wp-content\\\/uploads\\\/amabssadorzermatt-logo.png\",\"width\":488,\"height\":150,\"caption\":\"Ambassador Zermatt\"},\"image\":{\"@id\":\"https:\\\/\\\/www.ambassadorzermatt.com\\\/fr\\\/#\\\/schema\\\/logo\\\/image\\\/\"}}]}<\/script>\n<!-- \/ Yoast SEO plugin. -->","yoast_head_json":{"title":"Fondue Igloo - Ambassador Zermatt","description":"Erleben Sie einen unvergesslichen Abend im Ambassador Fondue Igloo in Zermatt. Klassisches K\u00e4sefondue wie Moiti\u00e9-Moiti\u00e9 oder Walliser Horu, Tr\u00fcffel- und Champagner-Varianten \u2013 mitten in der verschneiten Bergwelt.","robots":{"index":"index","follow":"follow","max-snippet":"max-snippet:-1","max-image-preview":"max-image-preview:large","max-video-preview":"max-video-preview:-1"},"canonical":"https:\/\/www.ambassadorzermatt.com\/fr\/fondue-igloo\/","og_locale":"fr_FR","og_type":"article","og_title":"Fondue Igloo - Ambassador Zermatt","og_description":"Erleben Sie einen unvergesslichen Abend im Ambassador Fondue Igloo in Zermatt. Klassisches K\u00e4sefondue wie Moiti\u00e9-Moiti\u00e9 oder Walliser Horu, Tr\u00fcffel- und Champagner-Varianten \u2013 mitten in der verschneiten Bergwelt.","og_url":"https:\/\/www.ambassadorzermatt.com\/fr\/fondue-igloo\/","og_site_name":"Ambassador Zermatt","article_modified_time":"2026-02-27T16:25:34+00:00","twitter_card":"summary_large_image","schema":{"@context":"https:\/\/schema.org","@graph":[{"@type":"WebPage","@id":"https:\/\/www.ambassadorzermatt.com\/fr\/fondue-igloo\/","url":"https:\/\/www.ambassadorzermatt.com\/fr\/fondue-igloo\/","name":"Fondue Igloo - Ambassador Zermatt","isPartOf":{"@id":"https:\/\/www.ambassadorzermatt.com\/fr\/#website"},"datePublished":"2026-02-18T16:45:55+00:00","dateModified":"2026-02-27T16:25:34+00:00","description":"Erleben Sie einen unvergesslichen Abend im Ambassador Fondue Igloo in Zermatt. Klassisches K\u00e4sefondue wie Moiti\u00e9-Moiti\u00e9 oder Walliser Horu, Tr\u00fcffel- und Champagner-Varianten \u2013 mitten in der verschneiten Bergwelt.","breadcrumb":{"@id":"https:\/\/www.ambassadorzermatt.com\/fr\/fondue-igloo\/#breadcrumb"},"inLanguage":"fr-FR","potentialAction":[{"@type":"ReadAction","target":["https:\/\/www.ambassadorzermatt.com\/fr\/fondue-igloo\/"]}]},{"@type":"BreadcrumbList","@id":"https:\/\/www.ambassadorzermatt.com\/fr\/fondue-igloo\/#breadcrumb","itemListElement":[{"@type":"ListItem","position":1,"name":"Home","item":"https:\/\/www.ambassadorzermatt.com\/fr\/"},{"@type":"ListItem","position":2,"name":"Fondue Igloo"}]},{"@type":"WebSite","@id":"https:\/\/www.ambassadorzermatt.com\/fr\/#website","url":"https:\/\/www.ambassadorzermatt.com\/fr\/","name":"Ambassador Zermatt","description":"","publisher":{"@id":"https:\/\/www.ambassadorzermatt.com\/fr\/#organization"},"potentialAction":[{"@type":"SearchAction","target":{"@type":"EntryPoint","urlTemplate":"https:\/\/www.ambassadorzermatt.com\/fr\/?s={search_term_string}"},"query-input":{"@type":"PropertyValueSpecification","valueRequired":true,"valueName":"search_term_string"}}],"inLanguage":"fr-FR"},{"@type":"Organization","@id":"https:\/\/www.ambassadorzermatt.com\/fr\/#organization","name":"Ambassador Zermatt","url":"https:\/\/www.ambassadorzermatt.com\/fr\/","logo":{"@type":"ImageObject","inLanguage":"fr-FR","@id":"https:\/\/www.ambassadorzermatt.com\/fr\/#\/schema\/logo\/image\/","url":"https:\/\/www.ambassadorzermatt.com\/wp-content\/uploads\/amabssadorzermatt-logo.png","contentUrl":"https:\/\/www.ambassadorzermatt.com\/wp-content\/uploads\/amabssadorzermatt-logo.png","width":488,"height":150,"caption":"Ambassador Zermatt"},"image":{"@id":"https:\/\/www.ambassadorzermatt.com\/fr\/#\/schema\/logo\/image\/"}}]}},"_links":{"self":[{"href":"https:\/\/www.ambassadorzermatt.com\/fr\/wp-json\/wp\/v2\/pages\/2398","targetHints":{"allow":["GET"]}}],"collection":[{"href":"https:\/\/www.ambassadorzermatt.com\/fr\/wp-json\/wp\/v2\/pages"}],"about":[{"href":"https:\/\/www.ambassadorzermatt.com\/fr\/wp-json\/wp\/v2\/types\/page"}],"author":[{"embeddable":true,"href":"https:\/\/www.ambassadorzermatt.com\/fr\/wp-json\/wp\/v2\/users\/1"}],"replies":[{"embeddable":true,"href":"https:\/\/www.ambassadorzermatt.com\/fr\/wp-json\/wp\/v2\/comments?post=2398"}],"version-history":[{"count":6,"href":"https:\/\/www.ambassadorzermatt.com\/fr\/wp-json\/wp\/v2\/pages\/2398\/revisions"}],"predecessor-version":[{"id":2497,"href":"https:\/\/www.ambassadorzermatt.com\/fr\/wp-json\/wp\/v2\/pages\/2398\/revisions\/2497"}],"wp:attachment":[{"href":"https:\/\/www.ambassadorzermatt.com\/fr\/wp-json\/wp\/v2\/media?parent=2398"}],"curies":[{"name":"wp","href":"https:\/\/api.w.org\/{rel}","templated":true}]}}