{"id":1522,"date":"2025-11-26T11:29:43","date_gmt":"2025-11-26T11:29:43","guid":{"rendered":"https:\/\/www.ambassadorzermatt.com\/piscine-et-sauna\/"},"modified":"2025-12-22T19:14:08","modified_gmt":"2025-12-22T19:14:08","slug":"piscine-et-sauna","status":"publish","type":"page","link":"https:\/\/www.ambassadorzermatt.com\/fr\/piscine-et-sauna\/","title":{"rendered":"Piscine &amp; sauna"},"content":{"rendered":"","protected":false},"excerpt":{"rendered":"","protected":false},"author":2,"featured_media":0,"parent":0,"menu_order":0,"comment_status":"closed","ping_status":"closed","template":"page-templates\/page-pool-sauna.php","meta":{"_acf_changed":false,"footnotes":""},"class_list":["post-1522","page","type-page","status-publish","hentry"],"acf":[],"yoast_head":"<!-- This site is optimized with the Yoast SEO plugin v27.5 - https:\/\/yoast.com\/product\/yoast-seo-wordpress\/ -->\n<title>Piscine &amp; sauna - Ambassador Zermatt<\/title>\n<meta name=\"description\" content=\"Bien-\u00eatre et d\u00e9tente \u00e0 l\u2019Hotel Ambassador Zermatt gr\u00e2ce \u00e0 une grande piscine int\u00e9rieure et un sauna finlandais.\" \/>\n<meta name=\"robots\" content=\"index, follow, max-snippet:-1, max-image-preview:large, max-video-preview:-1\" \/>\n<link rel=\"canonical\" href=\"https:\/\/www.ambassadorzermatt.com\/fr\/piscine-et-sauna\/\" \/>\n<meta property=\"og:locale\" content=\"fr_FR\" \/>\n<meta property=\"og:type\" content=\"article\" \/>\n<meta property=\"og:title\" content=\"Piscine &amp; sauna - Ambassador Zermatt\" \/>\n<meta property=\"og:description\" content=\"Bien-\u00eatre et d\u00e9tente \u00e0 l\u2019Hotel Ambassador Zermatt gr\u00e2ce \u00e0 une grande piscine int\u00e9rieure et un sauna finlandais.\" \/>\n<meta property=\"og:url\" content=\"https:\/\/www.ambassadorzermatt.com\/fr\/piscine-et-sauna\/\" \/>\n<meta property=\"og:site_name\" content=\"Ambassador Zermatt\" \/>\n<meta property=\"article:modified_time\" content=\"2025-12-22T19:14:08+00:00\" \/>\n<meta name=\"twitter:card\" content=\"summary_large_image\" \/>\n<script type=\"application\/ld+json\" class=\"yoast-schema-graph\">{\"@context\":\"https:\\\/\\\/schema.org\",\"@graph\":[{\"@type\":\"WebPage\",\"@id\":\"https:\\\/\\\/www.ambassadorzermatt.com\\\/fr\\\/piscine-et-sauna\\\/\",\"url\":\"https:\\\/\\\/www.ambassadorzermatt.com\\\/fr\\\/piscine-et-sauna\\\/\",\"name\":\"Piscine &amp; sauna - Ambassador Zermatt\",\"isPartOf\":{\"@id\":\"https:\\\/\\\/www.ambassadorzermatt.com\\\/fr\\\/#website\"},\"datePublished\":\"2025-11-26T11:29:43+00:00\",\"dateModified\":\"2025-12-22T19:14:08+00:00\",\"description\":\"Bien-\u00eatre et d\u00e9tente \u00e0 l\u2019Hotel Ambassador Zermatt gr\u00e2ce \u00e0 une grande piscine int\u00e9rieure et un sauna finlandais.\",\"breadcrumb\":{\"@id\":\"https:\\\/\\\/www.ambassadorzermatt.com\\\/fr\\\/piscine-et-sauna\\\/#breadcrumb\"},\"inLanguage\":\"fr-FR\",\"potentialAction\":[{\"@type\":\"ReadAction\",\"target\":[\"https:\\\/\\\/www.ambassadorzermatt.com\\\/fr\\\/piscine-et-sauna\\\/\"]}]},{\"@type\":\"BreadcrumbList\",\"@id\":\"https:\\\/\\\/www.ambassadorzermatt.com\\\/fr\\\/piscine-et-sauna\\\/#breadcrumb\",\"itemListElement\":[{\"@type\":\"ListItem\",\"position\":1,\"name\":\"Home\",\"item\":\"https:\\\/\\\/www.ambassadorzermatt.com\\\/fr\\\/\"},{\"@type\":\"ListItem\",\"position\":2,\"name\":\"Piscine &amp; sauna\"}]},{\"@type\":\"WebSite\",\"@id\":\"https:\\\/\\\/www.ambassadorzermatt.com\\\/fr\\\/#website\",\"url\":\"https:\\\/\\\/www.ambassadorzermatt.com\\\/fr\\\/\",\"name\":\"Ambassador Zermatt\",\"description\":\"\",\"publisher\":{\"@id\":\"https:\\\/\\\/www.ambassadorzermatt.com\\\/fr\\\/#organization\"},\"potentialAction\":[{\"@type\":\"SearchAction\",\"target\":{\"@type\":\"EntryPoint\",\"urlTemplate\":\"https:\\\/\\\/www.ambassadorzermatt.com\\\/fr\\\/?s={search_term_string}\"},\"query-input\":{\"@type\":\"PropertyValueSpecification\",\"valueRequired\":true,\"valueName\":\"search_term_string\"}}],\"inLanguage\":\"fr-FR\"},{\"@type\":\"Organization\",\"@id\":\"https:\\\/\\\/www.ambassadorzermatt.com\\\/fr\\\/#organization\",\"name\":\"Ambassador Zermatt\",\"url\":\"https:\\\/\\\/www.ambassadorzermatt.com\\\/fr\\\/\",\"logo\":{\"@type\":\"ImageObject\",\"inLanguage\":\"fr-FR\",\"@id\":\"https:\\\/\\\/www.ambassadorzermatt.com\\\/fr\\\/#\\\/schema\\\/logo\\\/image\\\/\",\"url\":\"https:\\\/\\\/www.ambassadorzermatt.com\\\/wp-content\\\/uploads\\\/amabssadorzermatt-logo.png\",\"contentUrl\":\"https:\\\/\\\/www.ambassadorzermatt.com\\\/wp-content\\\/uploads\\\/amabssadorzermatt-logo.png\",\"width\":488,\"height\":150,\"caption\":\"Ambassador Zermatt\"},\"image\":{\"@id\":\"https:\\\/\\\/www.ambassadorzermatt.com\\\/fr\\\/#\\\/schema\\\/logo\\\/image\\\/\"}}]}<\/script>\n<!-- \/ Yoast SEO plugin. -->","yoast_head_json":{"title":"Piscine &amp; sauna - Ambassador Zermatt","description":"Bien-\u00eatre et d\u00e9tente \u00e0 l\u2019Hotel Ambassador Zermatt gr\u00e2ce \u00e0 une grande piscine int\u00e9rieure et un sauna finlandais.","robots":{"index":"index","follow":"follow","max-snippet":"max-snippet:-1","max-image-preview":"max-image-preview:large","max-video-preview":"max-video-preview:-1"},"canonical":"https:\/\/www.ambassadorzermatt.com\/fr\/piscine-et-sauna\/","og_locale":"fr_FR","og_type":"article","og_title":"Piscine &amp; sauna - Ambassador Zermatt","og_description":"Bien-\u00eatre et d\u00e9tente \u00e0 l\u2019Hotel Ambassador Zermatt gr\u00e2ce \u00e0 une grande piscine int\u00e9rieure et un sauna finlandais.","og_url":"https:\/\/www.ambassadorzermatt.com\/fr\/piscine-et-sauna\/","og_site_name":"Ambassador Zermatt","article_modified_time":"2025-12-22T19:14:08+00:00","twitter_card":"summary_large_image","schema":{"@context":"https:\/\/schema.org","@graph":[{"@type":"WebPage","@id":"https:\/\/www.ambassadorzermatt.com\/fr\/piscine-et-sauna\/","url":"https:\/\/www.ambassadorzermatt.com\/fr\/piscine-et-sauna\/","name":"Piscine &amp; sauna - Ambassador Zermatt","isPartOf":{"@id":"https:\/\/www.ambassadorzermatt.com\/fr\/#website"},"datePublished":"2025-11-26T11:29:43+00:00","dateModified":"2025-12-22T19:14:08+00:00","description":"Bien-\u00eatre et d\u00e9tente \u00e0 l\u2019Hotel Ambassador Zermatt gr\u00e2ce \u00e0 une grande piscine int\u00e9rieure et un sauna finlandais.","breadcrumb":{"@id":"https:\/\/www.ambassadorzermatt.com\/fr\/piscine-et-sauna\/#breadcrumb"},"inLanguage":"fr-FR","potentialAction":[{"@type":"ReadAction","target":["https:\/\/www.ambassadorzermatt.com\/fr\/piscine-et-sauna\/"]}]},{"@type":"BreadcrumbList","@id":"https:\/\/www.ambassadorzermatt.com\/fr\/piscine-et-sauna\/#breadcrumb","itemListElement":[{"@type":"ListItem","position":1,"name":"Home","item":"https:\/\/www.ambassadorzermatt.com\/fr\/"},{"@type":"ListItem","position":2,"name":"Piscine &amp; sauna"}]},{"@type":"WebSite","@id":"https:\/\/www.ambassadorzermatt.com\/fr\/#website","url":"https:\/\/www.ambassadorzermatt.com\/fr\/","name":"Ambassador Zermatt","description":"","publisher":{"@id":"https:\/\/www.ambassadorzermatt.com\/fr\/#organization"},"potentialAction":[{"@type":"SearchAction","target":{"@type":"EntryPoint","urlTemplate":"https:\/\/www.ambassadorzermatt.com\/fr\/?s={search_term_string}"},"query-input":{"@type":"PropertyValueSpecification","valueRequired":true,"valueName":"search_term_string"}}],"inLanguage":"fr-FR"},{"@type":"Organization","@id":"https:\/\/www.ambassadorzermatt.com\/fr\/#organization","name":"Ambassador Zermatt","url":"https:\/\/www.ambassadorzermatt.com\/fr\/","logo":{"@type":"ImageObject","inLanguage":"fr-FR","@id":"https:\/\/www.ambassadorzermatt.com\/fr\/#\/schema\/logo\/image\/","url":"https:\/\/www.ambassadorzermatt.com\/wp-content\/uploads\/amabssadorzermatt-logo.png","contentUrl":"https:\/\/www.ambassadorzermatt.com\/wp-content\/uploads\/amabssadorzermatt-logo.png","width":488,"height":150,"caption":"Ambassador Zermatt"},"image":{"@id":"https:\/\/www.ambassadorzermatt.com\/fr\/#\/schema\/logo\/image\/"}}]}},"_links":{"self":[{"href":"https:\/\/www.ambassadorzermatt.com\/fr\/wp-json\/wp\/v2\/pages\/1522","targetHints":{"allow":["GET"]}}],"collection":[{"href":"https:\/\/www.ambassadorzermatt.com\/fr\/wp-json\/wp\/v2\/pages"}],"about":[{"href":"https:\/\/www.ambassadorzermatt.com\/fr\/wp-json\/wp\/v2\/types\/page"}],"author":[{"embeddable":true,"href":"https:\/\/www.ambassadorzermatt.com\/fr\/wp-json\/wp\/v2\/users\/2"}],"replies":[{"embeddable":true,"href":"https:\/\/www.ambassadorzermatt.com\/fr\/wp-json\/wp\/v2\/comments?post=1522"}],"version-history":[{"count":3,"href":"https:\/\/www.ambassadorzermatt.com\/fr\/wp-json\/wp\/v2\/pages\/1522\/revisions"}],"predecessor-version":[{"id":2188,"href":"https:\/\/www.ambassadorzermatt.com\/fr\/wp-json\/wp\/v2\/pages\/1522\/revisions\/2188"}],"wp:attachment":[{"href":"https:\/\/www.ambassadorzermatt.com\/fr\/wp-json\/wp\/v2\/media?parent=1522"}],"curies":[{"name":"wp","href":"https:\/\/api.w.org\/{rel}","templated":true}]}}