{"id":1414,"date":"2025-11-26T11:47:03","date_gmt":"2025-11-26T11:47:03","guid":{"rendered":"https:\/\/www.ambassadorzermatt.com\/service-aux-hotes\/"},"modified":"2026-01-19T17:53:33","modified_gmt":"2026-01-19T17:53:33","slug":"service-aux-hotes","status":"publish","type":"page","link":"https:\/\/www.ambassadorzermatt.com\/fr\/service-aux-hotes\/","title":{"rendered":"Service aux h\u00f4tes"},"content":{"rendered":"","protected":false},"excerpt":{"rendered":"","protected":false},"author":2,"featured_media":0,"parent":0,"menu_order":0,"comment_status":"closed","ping_status":"closed","template":"page-templates\/page-guest-services.php","meta":{"_acf_changed":false,"footnotes":""},"class_list":["post-1414","page","type-page","status-publish","hentry"],"acf":[],"yoast_head":"<!-- This site is optimized with the Yoast SEO plugin v27.5 - https:\/\/yoast.com\/product\/yoast-seo-wordpress\/ -->\n<title>Service aux h\u00f4tes - Ambassador Zermatt<\/title>\n<meta name=\"description\" content=\"Notre service clients veille \u00e0 ce que votre s\u00e9jour \u00e0 Zermatt soit des plus agr\u00e9ables. Du service bagages \u00e0 la location de skis \u00e0 l\u2019h\u00f4tel \u2013 tout est pr\u00e9vu pour votre confort.\" \/>\n<meta name=\"robots\" content=\"index, follow, max-snippet:-1, max-image-preview:large, max-video-preview:-1\" \/>\n<link rel=\"canonical\" href=\"https:\/\/www.ambassadorzermatt.com\/fr\/service-aux-hotes\/\" \/>\n<meta property=\"og:locale\" content=\"fr_FR\" \/>\n<meta property=\"og:type\" content=\"article\" \/>\n<meta property=\"og:title\" content=\"Service aux h\u00f4tes - Ambassador Zermatt\" \/>\n<meta property=\"og:description\" content=\"Notre service clients veille \u00e0 ce que votre s\u00e9jour \u00e0 Zermatt soit des plus agr\u00e9ables. Du service bagages \u00e0 la location de skis \u00e0 l\u2019h\u00f4tel \u2013 tout est pr\u00e9vu pour votre confort.\" \/>\n<meta property=\"og:url\" content=\"https:\/\/www.ambassadorzermatt.com\/fr\/service-aux-hotes\/\" \/>\n<meta property=\"og:site_name\" content=\"Ambassador Zermatt\" \/>\n<meta property=\"article:modified_time\" content=\"2026-01-19T17:53:33+00:00\" \/>\n<meta name=\"twitter:card\" content=\"summary_large_image\" \/>\n<script type=\"application\/ld+json\" class=\"yoast-schema-graph\">{\"@context\":\"https:\\\/\\\/schema.org\",\"@graph\":[{\"@type\":\"WebPage\",\"@id\":\"https:\\\/\\\/www.ambassadorzermatt.com\\\/fr\\\/service-aux-hotes\\\/\",\"url\":\"https:\\\/\\\/www.ambassadorzermatt.com\\\/fr\\\/service-aux-hotes\\\/\",\"name\":\"Service aux h\u00f4tes - Ambassador Zermatt\",\"isPartOf\":{\"@id\":\"https:\\\/\\\/www.ambassadorzermatt.com\\\/fr\\\/#website\"},\"datePublished\":\"2025-11-26T11:47:03+00:00\",\"dateModified\":\"2026-01-19T17:53:33+00:00\",\"description\":\"Notre service clients veille \u00e0 ce que votre s\u00e9jour \u00e0 Zermatt soit des plus agr\u00e9ables. Du service bagages \u00e0 la location de skis \u00e0 l\u2019h\u00f4tel \u2013 tout est pr\u00e9vu pour votre confort.\",\"breadcrumb\":{\"@id\":\"https:\\\/\\\/www.ambassadorzermatt.com\\\/fr\\\/service-aux-hotes\\\/#breadcrumb\"},\"inLanguage\":\"fr-FR\",\"potentialAction\":[{\"@type\":\"ReadAction\",\"target\":[\"https:\\\/\\\/www.ambassadorzermatt.com\\\/fr\\\/service-aux-hotes\\\/\"]}]},{\"@type\":\"BreadcrumbList\",\"@id\":\"https:\\\/\\\/www.ambassadorzermatt.com\\\/fr\\\/service-aux-hotes\\\/#breadcrumb\",\"itemListElement\":[{\"@type\":\"ListItem\",\"position\":1,\"name\":\"Home\",\"item\":\"https:\\\/\\\/www.ambassadorzermatt.com\\\/fr\\\/\"},{\"@type\":\"ListItem\",\"position\":2,\"name\":\"Service aux h\u00f4tes\"}]},{\"@type\":\"WebSite\",\"@id\":\"https:\\\/\\\/www.ambassadorzermatt.com\\\/fr\\\/#website\",\"url\":\"https:\\\/\\\/www.ambassadorzermatt.com\\\/fr\\\/\",\"name\":\"Ambassador Zermatt\",\"description\":\"\",\"publisher\":{\"@id\":\"https:\\\/\\\/www.ambassadorzermatt.com\\\/fr\\\/#organization\"},\"potentialAction\":[{\"@type\":\"SearchAction\",\"target\":{\"@type\":\"EntryPoint\",\"urlTemplate\":\"https:\\\/\\\/www.ambassadorzermatt.com\\\/fr\\\/?s={search_term_string}\"},\"query-input\":{\"@type\":\"PropertyValueSpecification\",\"valueRequired\":true,\"valueName\":\"search_term_string\"}}],\"inLanguage\":\"fr-FR\"},{\"@type\":\"Organization\",\"@id\":\"https:\\\/\\\/www.ambassadorzermatt.com\\\/fr\\\/#organization\",\"name\":\"Ambassador Zermatt\",\"url\":\"https:\\\/\\\/www.ambassadorzermatt.com\\\/fr\\\/\",\"logo\":{\"@type\":\"ImageObject\",\"inLanguage\":\"fr-FR\",\"@id\":\"https:\\\/\\\/www.ambassadorzermatt.com\\\/fr\\\/#\\\/schema\\\/logo\\\/image\\\/\",\"url\":\"https:\\\/\\\/www.ambassadorzermatt.com\\\/wp-content\\\/uploads\\\/amabssadorzermatt-logo.png\",\"contentUrl\":\"https:\\\/\\\/www.ambassadorzermatt.com\\\/wp-content\\\/uploads\\\/amabssadorzermatt-logo.png\",\"width\":488,\"height\":150,\"caption\":\"Ambassador Zermatt\"},\"image\":{\"@id\":\"https:\\\/\\\/www.ambassadorzermatt.com\\\/fr\\\/#\\\/schema\\\/logo\\\/image\\\/\"}}]}<\/script>\n<!-- \/ Yoast SEO plugin. -->","yoast_head_json":{"title":"Service aux h\u00f4tes - Ambassador Zermatt","description":"Notre service clients veille \u00e0 ce que votre s\u00e9jour \u00e0 Zermatt soit des plus agr\u00e9ables. Du service bagages \u00e0 la location de skis \u00e0 l\u2019h\u00f4tel \u2013 tout est pr\u00e9vu pour votre confort.","robots":{"index":"index","follow":"follow","max-snippet":"max-snippet:-1","max-image-preview":"max-image-preview:large","max-video-preview":"max-video-preview:-1"},"canonical":"https:\/\/www.ambassadorzermatt.com\/fr\/service-aux-hotes\/","og_locale":"fr_FR","og_type":"article","og_title":"Service aux h\u00f4tes - Ambassador Zermatt","og_description":"Notre service clients veille \u00e0 ce que votre s\u00e9jour \u00e0 Zermatt soit des plus agr\u00e9ables. Du service bagages \u00e0 la location de skis \u00e0 l\u2019h\u00f4tel \u2013 tout est pr\u00e9vu pour votre confort.","og_url":"https:\/\/www.ambassadorzermatt.com\/fr\/service-aux-hotes\/","og_site_name":"Ambassador Zermatt","article_modified_time":"2026-01-19T17:53:33+00:00","twitter_card":"summary_large_image","schema":{"@context":"https:\/\/schema.org","@graph":[{"@type":"WebPage","@id":"https:\/\/www.ambassadorzermatt.com\/fr\/service-aux-hotes\/","url":"https:\/\/www.ambassadorzermatt.com\/fr\/service-aux-hotes\/","name":"Service aux h\u00f4tes - Ambassador Zermatt","isPartOf":{"@id":"https:\/\/www.ambassadorzermatt.com\/fr\/#website"},"datePublished":"2025-11-26T11:47:03+00:00","dateModified":"2026-01-19T17:53:33+00:00","description":"Notre service clients veille \u00e0 ce que votre s\u00e9jour \u00e0 Zermatt soit des plus agr\u00e9ables. Du service bagages \u00e0 la location de skis \u00e0 l\u2019h\u00f4tel \u2013 tout est pr\u00e9vu pour votre confort.","breadcrumb":{"@id":"https:\/\/www.ambassadorzermatt.com\/fr\/service-aux-hotes\/#breadcrumb"},"inLanguage":"fr-FR","potentialAction":[{"@type":"ReadAction","target":["https:\/\/www.ambassadorzermatt.com\/fr\/service-aux-hotes\/"]}]},{"@type":"BreadcrumbList","@id":"https:\/\/www.ambassadorzermatt.com\/fr\/service-aux-hotes\/#breadcrumb","itemListElement":[{"@type":"ListItem","position":1,"name":"Home","item":"https:\/\/www.ambassadorzermatt.com\/fr\/"},{"@type":"ListItem","position":2,"name":"Service aux h\u00f4tes"}]},{"@type":"WebSite","@id":"https:\/\/www.ambassadorzermatt.com\/fr\/#website","url":"https:\/\/www.ambassadorzermatt.com\/fr\/","name":"Ambassador Zermatt","description":"","publisher":{"@id":"https:\/\/www.ambassadorzermatt.com\/fr\/#organization"},"potentialAction":[{"@type":"SearchAction","target":{"@type":"EntryPoint","urlTemplate":"https:\/\/www.ambassadorzermatt.com\/fr\/?s={search_term_string}"},"query-input":{"@type":"PropertyValueSpecification","valueRequired":true,"valueName":"search_term_string"}}],"inLanguage":"fr-FR"},{"@type":"Organization","@id":"https:\/\/www.ambassadorzermatt.com\/fr\/#organization","name":"Ambassador Zermatt","url":"https:\/\/www.ambassadorzermatt.com\/fr\/","logo":{"@type":"ImageObject","inLanguage":"fr-FR","@id":"https:\/\/www.ambassadorzermatt.com\/fr\/#\/schema\/logo\/image\/","url":"https:\/\/www.ambassadorzermatt.com\/wp-content\/uploads\/amabssadorzermatt-logo.png","contentUrl":"https:\/\/www.ambassadorzermatt.com\/wp-content\/uploads\/amabssadorzermatt-logo.png","width":488,"height":150,"caption":"Ambassador Zermatt"},"image":{"@id":"https:\/\/www.ambassadorzermatt.com\/fr\/#\/schema\/logo\/image\/"}}]}},"_links":{"self":[{"href":"https:\/\/www.ambassadorzermatt.com\/fr\/wp-json\/wp\/v2\/pages\/1414","targetHints":{"allow":["GET"]}}],"collection":[{"href":"https:\/\/www.ambassadorzermatt.com\/fr\/wp-json\/wp\/v2\/pages"}],"about":[{"href":"https:\/\/www.ambassadorzermatt.com\/fr\/wp-json\/wp\/v2\/types\/page"}],"author":[{"embeddable":true,"href":"https:\/\/www.ambassadorzermatt.com\/fr\/wp-json\/wp\/v2\/users\/2"}],"replies":[{"embeddable":true,"href":"https:\/\/www.ambassadorzermatt.com\/fr\/wp-json\/wp\/v2\/comments?post=1414"}],"version-history":[{"count":6,"href":"https:\/\/www.ambassadorzermatt.com\/fr\/wp-json\/wp\/v2\/pages\/1414\/revisions"}],"predecessor-version":[{"id":2298,"href":"https:\/\/www.ambassadorzermatt.com\/fr\/wp-json\/wp\/v2\/pages\/1414\/revisions\/2298"}],"wp:attachment":[{"href":"https:\/\/www.ambassadorzermatt.com\/fr\/wp-json\/wp\/v2\/media?parent=1414"}],"curies":[{"name":"wp","href":"https:\/\/api.w.org\/{rel}","templated":true}]}}