{"id":1406,"date":"2025-11-20T16:50:05","date_gmt":"2025-11-20T16:50:05","guid":{"rendered":"https:\/\/www.ambassadorzermatt.com\/experiences-a-zermatt\/randonnee\/"},"modified":"2026-01-16T08:41:33","modified_gmt":"2026-01-16T08:41:33","slug":"randonnee","status":"publish","type":"page","link":"https:\/\/www.ambassadorzermatt.com\/fr\/experiences-a-zermatt\/randonnee\/","title":{"rendered":"Randonn\u00e9e"},"content":{"rendered":"","protected":false},"excerpt":{"rendered":"<p>Plus de 400 kilom\u00e8tres de sentiers balis\u00e9s traversent le paysage alpin et offrent des vues imprenables sur le Cervin. Vous y trouvez l\u2019inspiration et l\u2019\u00e9nergie n\u00e9cessaires pour chaque randonn\u00e9e. <\/p>\n","protected":false},"author":4,"featured_media":2642,"parent":1347,"menu_order":4,"comment_status":"closed","ping_status":"closed","template":"page-templates\/page-experience-hiking.php","meta":{"_acf_changed":false,"footnotes":""},"class_list":["post-1406","page","type-page","status-publish","has-post-thumbnail","hentry"],"acf":[],"yoast_head":"<!-- This site is optimized with the Yoast SEO plugin v27.5 - https:\/\/yoast.com\/product\/yoast-seo-wordpress\/ -->\n<title>Randonn\u00e9e \u00e0 Zermatt - Ambassador Zermatt<\/title>\n<meta name=\"description\" content=\"La randonn\u00e9e \u00e0 Zermatt offre des panoramas saisissants. Plus de 400 kilom\u00e8tres de sentiers pour tous les niveaux, \u00e9t\u00e9 comme hiver.\" \/>\n<meta name=\"robots\" content=\"index, follow, max-snippet:-1, max-image-preview:large, max-video-preview:-1\" \/>\n<link rel=\"canonical\" href=\"https:\/\/www.ambassadorzermatt.com\/fr\/experiences-a-zermatt\/randonnee\/\" \/>\n<meta property=\"og:locale\" content=\"fr_FR\" \/>\n<meta property=\"og:type\" content=\"article\" \/>\n<meta property=\"og:title\" content=\"Randonn\u00e9e \u00e0 Zermatt - Ambassador Zermatt\" \/>\n<meta property=\"og:description\" content=\"La randonn\u00e9e \u00e0 Zermatt offre des panoramas saisissants. Plus de 400 kilom\u00e8tres de sentiers pour tous les niveaux, \u00e9t\u00e9 comme hiver.\" \/>\n<meta property=\"og:url\" content=\"https:\/\/www.ambassadorzermatt.com\/fr\/experiences-a-zermatt\/randonnee\/\" \/>\n<meta property=\"og:site_name\" content=\"Ambassador Zermatt\" \/>\n<meta property=\"article:modified_time\" content=\"2026-01-16T08:41:33+00:00\" \/>\n<meta property=\"og:image\" content=\"https:\/\/www.ambassadorzermatt.com\/wp-content\/uploads\/hotel-ambassador-zermatt-experiences-wandern-featured-image.jpg\" \/>\n\t<meta property=\"og:image:width\" content=\"1340\" \/>\n\t<meta property=\"og:image:height\" content=\"1650\" \/>\n\t<meta property=\"og:image:type\" content=\"image\/jpeg\" \/>\n<meta name=\"twitter:card\" content=\"summary_large_image\" \/>\n<meta name=\"twitter:label1\" content=\"Dur\u00e9e de lecture estim\u00e9e\" \/>\n\t<meta name=\"twitter:data1\" content=\"1 minute\" \/>\n<script type=\"application\/ld+json\" class=\"yoast-schema-graph\">{\"@context\":\"https:\\\/\\\/schema.org\",\"@graph\":[{\"@type\":\"WebPage\",\"@id\":\"https:\\\/\\\/www.ambassadorzermatt.com\\\/fr\\\/experiences-a-zermatt\\\/randonnee\\\/\",\"url\":\"https:\\\/\\\/www.ambassadorzermatt.com\\\/fr\\\/experiences-a-zermatt\\\/randonnee\\\/\",\"name\":\"Randonn\u00e9e \u00e0 Zermatt - Ambassador Zermatt\",\"isPartOf\":{\"@id\":\"https:\\\/\\\/www.ambassadorzermatt.com\\\/fr\\\/#website\"},\"primaryImageOfPage\":{\"@id\":\"https:\\\/\\\/www.ambassadorzermatt.com\\\/fr\\\/experiences-a-zermatt\\\/randonnee\\\/#primaryimage\"},\"image\":{\"@id\":\"https:\\\/\\\/www.ambassadorzermatt.com\\\/fr\\\/experiences-a-zermatt\\\/randonnee\\\/#primaryimage\"},\"thumbnailUrl\":\"https:\\\/\\\/www.ambassadorzermatt.com\\\/wp-content\\\/uploads\\\/hotel-ambassador-wandern-summer.webp\",\"datePublished\":\"2025-11-20T16:50:05+00:00\",\"dateModified\":\"2026-01-16T08:41:33+00:00\",\"description\":\"La randonn\u00e9e \u00e0 Zermatt offre des panoramas saisissants. Plus de 400 kilom\u00e8tres de sentiers pour tous les niveaux, \u00e9t\u00e9 comme hiver.\",\"breadcrumb\":{\"@id\":\"https:\\\/\\\/www.ambassadorzermatt.com\\\/fr\\\/experiences-a-zermatt\\\/randonnee\\\/#breadcrumb\"},\"inLanguage\":\"fr-FR\",\"potentialAction\":[{\"@type\":\"ReadAction\",\"target\":[\"https:\\\/\\\/www.ambassadorzermatt.com\\\/fr\\\/experiences-a-zermatt\\\/randonnee\\\/\"]}]},{\"@type\":\"ImageObject\",\"inLanguage\":\"fr-FR\",\"@id\":\"https:\\\/\\\/www.ambassadorzermatt.com\\\/fr\\\/experiences-a-zermatt\\\/randonnee\\\/#primaryimage\",\"url\":\"https:\\\/\\\/www.ambassadorzermatt.com\\\/wp-content\\\/uploads\\\/hotel-ambassador-wandern-summer.webp\",\"contentUrl\":\"https:\\\/\\\/www.ambassadorzermatt.com\\\/wp-content\\\/uploads\\\/hotel-ambassador-wandern-summer.webp\",\"width\":1340,\"height\":1500},{\"@type\":\"BreadcrumbList\",\"@id\":\"https:\\\/\\\/www.ambassadorzermatt.com\\\/fr\\\/experiences-a-zermatt\\\/randonnee\\\/#breadcrumb\",\"itemListElement\":[{\"@type\":\"ListItem\",\"position\":1,\"name\":\"Home\",\"item\":\"https:\\\/\\\/www.ambassadorzermatt.com\\\/fr\\\/\"},{\"@type\":\"ListItem\",\"position\":2,\"name\":\"Exp\u00e9riences \u00e0 Zermatt\",\"item\":\"https:\\\/\\\/www.ambassadorzermatt.com\\\/fr\\\/experiences-a-zermatt\\\/\"},{\"@type\":\"ListItem\",\"position\":3,\"name\":\"Randonn\u00e9e\"}]},{\"@type\":\"WebSite\",\"@id\":\"https:\\\/\\\/www.ambassadorzermatt.com\\\/fr\\\/#website\",\"url\":\"https:\\\/\\\/www.ambassadorzermatt.com\\\/fr\\\/\",\"name\":\"Ambassador Zermatt\",\"description\":\"\",\"publisher\":{\"@id\":\"https:\\\/\\\/www.ambassadorzermatt.com\\\/fr\\\/#organization\"},\"potentialAction\":[{\"@type\":\"SearchAction\",\"target\":{\"@type\":\"EntryPoint\",\"urlTemplate\":\"https:\\\/\\\/www.ambassadorzermatt.com\\\/fr\\\/?s={search_term_string}\"},\"query-input\":{\"@type\":\"PropertyValueSpecification\",\"valueRequired\":true,\"valueName\":\"search_term_string\"}}],\"inLanguage\":\"fr-FR\"},{\"@type\":\"Organization\",\"@id\":\"https:\\\/\\\/www.ambassadorzermatt.com\\\/fr\\\/#organization\",\"name\":\"Ambassador Zermatt\",\"url\":\"https:\\\/\\\/www.ambassadorzermatt.com\\\/fr\\\/\",\"logo\":{\"@type\":\"ImageObject\",\"inLanguage\":\"fr-FR\",\"@id\":\"https:\\\/\\\/www.ambassadorzermatt.com\\\/fr\\\/#\\\/schema\\\/logo\\\/image\\\/\",\"url\":\"https:\\\/\\\/www.ambassadorzermatt.com\\\/wp-content\\\/uploads\\\/amabssadorzermatt-logo.png\",\"contentUrl\":\"https:\\\/\\\/www.ambassadorzermatt.com\\\/wp-content\\\/uploads\\\/amabssadorzermatt-logo.png\",\"width\":488,\"height\":150,\"caption\":\"Ambassador Zermatt\"},\"image\":{\"@id\":\"https:\\\/\\\/www.ambassadorzermatt.com\\\/fr\\\/#\\\/schema\\\/logo\\\/image\\\/\"}}]}<\/script>\n<!-- \/ Yoast SEO plugin. -->","yoast_head_json":{"title":"Randonn\u00e9e \u00e0 Zermatt - Ambassador Zermatt","description":"La randonn\u00e9e \u00e0 Zermatt offre des panoramas saisissants. Plus de 400 kilom\u00e8tres de sentiers pour tous les niveaux, \u00e9t\u00e9 comme hiver.","robots":{"index":"index","follow":"follow","max-snippet":"max-snippet:-1","max-image-preview":"max-image-preview:large","max-video-preview":"max-video-preview:-1"},"canonical":"https:\/\/www.ambassadorzermatt.com\/fr\/experiences-a-zermatt\/randonnee\/","og_locale":"fr_FR","og_type":"article","og_title":"Randonn\u00e9e \u00e0 Zermatt - Ambassador Zermatt","og_description":"La randonn\u00e9e \u00e0 Zermatt offre des panoramas saisissants. Plus de 400 kilom\u00e8tres de sentiers pour tous les niveaux, \u00e9t\u00e9 comme hiver.","og_url":"https:\/\/www.ambassadorzermatt.com\/fr\/experiences-a-zermatt\/randonnee\/","og_site_name":"Ambassador Zermatt","article_modified_time":"2026-01-16T08:41:33+00:00","og_image":[{"width":1340,"height":1650,"url":"https:\/\/www.ambassadorzermatt.com\/wp-content\/uploads\/hotel-ambassador-zermatt-experiences-wandern-featured-image.jpg","type":"image\/jpeg"}],"twitter_card":"summary_large_image","twitter_misc":{"Dur\u00e9e de lecture estim\u00e9e":"1 minute"},"schema":{"@context":"https:\/\/schema.org","@graph":[{"@type":"WebPage","@id":"https:\/\/www.ambassadorzermatt.com\/fr\/experiences-a-zermatt\/randonnee\/","url":"https:\/\/www.ambassadorzermatt.com\/fr\/experiences-a-zermatt\/randonnee\/","name":"Randonn\u00e9e \u00e0 Zermatt - Ambassador Zermatt","isPartOf":{"@id":"https:\/\/www.ambassadorzermatt.com\/fr\/#website"},"primaryImageOfPage":{"@id":"https:\/\/www.ambassadorzermatt.com\/fr\/experiences-a-zermatt\/randonnee\/#primaryimage"},"image":{"@id":"https:\/\/www.ambassadorzermatt.com\/fr\/experiences-a-zermatt\/randonnee\/#primaryimage"},"thumbnailUrl":"https:\/\/www.ambassadorzermatt.com\/wp-content\/uploads\/hotel-ambassador-wandern-summer.webp","datePublished":"2025-11-20T16:50:05+00:00","dateModified":"2026-01-16T08:41:33+00:00","description":"La randonn\u00e9e \u00e0 Zermatt offre des panoramas saisissants. Plus de 400 kilom\u00e8tres de sentiers pour tous les niveaux, \u00e9t\u00e9 comme hiver.","breadcrumb":{"@id":"https:\/\/www.ambassadorzermatt.com\/fr\/experiences-a-zermatt\/randonnee\/#breadcrumb"},"inLanguage":"fr-FR","potentialAction":[{"@type":"ReadAction","target":["https:\/\/www.ambassadorzermatt.com\/fr\/experiences-a-zermatt\/randonnee\/"]}]},{"@type":"ImageObject","inLanguage":"fr-FR","@id":"https:\/\/www.ambassadorzermatt.com\/fr\/experiences-a-zermatt\/randonnee\/#primaryimage","url":"https:\/\/www.ambassadorzermatt.com\/wp-content\/uploads\/hotel-ambassador-wandern-summer.webp","contentUrl":"https:\/\/www.ambassadorzermatt.com\/wp-content\/uploads\/hotel-ambassador-wandern-summer.webp","width":1340,"height":1500},{"@type":"BreadcrumbList","@id":"https:\/\/www.ambassadorzermatt.com\/fr\/experiences-a-zermatt\/randonnee\/#breadcrumb","itemListElement":[{"@type":"ListItem","position":1,"name":"Home","item":"https:\/\/www.ambassadorzermatt.com\/fr\/"},{"@type":"ListItem","position":2,"name":"Exp\u00e9riences \u00e0 Zermatt","item":"https:\/\/www.ambassadorzermatt.com\/fr\/experiences-a-zermatt\/"},{"@type":"ListItem","position":3,"name":"Randonn\u00e9e"}]},{"@type":"WebSite","@id":"https:\/\/www.ambassadorzermatt.com\/fr\/#website","url":"https:\/\/www.ambassadorzermatt.com\/fr\/","name":"Ambassador Zermatt","description":"","publisher":{"@id":"https:\/\/www.ambassadorzermatt.com\/fr\/#organization"},"potentialAction":[{"@type":"SearchAction","target":{"@type":"EntryPoint","urlTemplate":"https:\/\/www.ambassadorzermatt.com\/fr\/?s={search_term_string}"},"query-input":{"@type":"PropertyValueSpecification","valueRequired":true,"valueName":"search_term_string"}}],"inLanguage":"fr-FR"},{"@type":"Organization","@id":"https:\/\/www.ambassadorzermatt.com\/fr\/#organization","name":"Ambassador Zermatt","url":"https:\/\/www.ambassadorzermatt.com\/fr\/","logo":{"@type":"ImageObject","inLanguage":"fr-FR","@id":"https:\/\/www.ambassadorzermatt.com\/fr\/#\/schema\/logo\/image\/","url":"https:\/\/www.ambassadorzermatt.com\/wp-content\/uploads\/amabssadorzermatt-logo.png","contentUrl":"https:\/\/www.ambassadorzermatt.com\/wp-content\/uploads\/amabssadorzermatt-logo.png","width":488,"height":150,"caption":"Ambassador Zermatt"},"image":{"@id":"https:\/\/www.ambassadorzermatt.com\/fr\/#\/schema\/logo\/image\/"}}]}},"_links":{"self":[{"href":"https:\/\/www.ambassadorzermatt.com\/fr\/wp-json\/wp\/v2\/pages\/1406","targetHints":{"allow":["GET"]}}],"collection":[{"href":"https:\/\/www.ambassadorzermatt.com\/fr\/wp-json\/wp\/v2\/pages"}],"about":[{"href":"https:\/\/www.ambassadorzermatt.com\/fr\/wp-json\/wp\/v2\/types\/page"}],"author":[{"embeddable":true,"href":"https:\/\/www.ambassadorzermatt.com\/fr\/wp-json\/wp\/v2\/users\/4"}],"replies":[{"embeddable":true,"href":"https:\/\/www.ambassadorzermatt.com\/fr\/wp-json\/wp\/v2\/comments?post=1406"}],"version-history":[{"count":2,"href":"https:\/\/www.ambassadorzermatt.com\/fr\/wp-json\/wp\/v2\/pages\/1406\/revisions"}],"predecessor-version":[{"id":2271,"href":"https:\/\/www.ambassadorzermatt.com\/fr\/wp-json\/wp\/v2\/pages\/1406\/revisions\/2271"}],"up":[{"embeddable":true,"href":"https:\/\/www.ambassadorzermatt.com\/fr\/wp-json\/wp\/v2\/pages\/1347"}],"wp:featuredmedia":[{"embeddable":true,"href":"https:\/\/www.ambassadorzermatt.com\/fr\/wp-json\/wp\/v2\/media\/2642"}],"wp:attachment":[{"href":"https:\/\/www.ambassadorzermatt.com\/fr\/wp-json\/wp\/v2\/media?parent=1406"}],"curies":[{"name":"wp","href":"https:\/\/api.w.org\/{rel}","templated":true}]}}