{"id":1399,"date":"2025-11-20T16:48:29","date_gmt":"2025-11-20T16:48:29","guid":{"rendered":"https:\/\/www.ambassadorzermatt.com\/experiences-a-zermatt\/vtt\/"},"modified":"2026-01-16T08:39:16","modified_gmt":"2026-01-16T08:39:16","slug":"vtt","status":"publish","type":"page","link":"https:\/\/www.ambassadorzermatt.com\/fr\/experiences-a-zermatt\/vtt\/","title":{"rendered":"VTT"},"content":{"rendered":"","protected":false},"excerpt":{"rendered":"<p>Qu\u2019il s\u2019agisse d\u2019une sortie tranquille ou d\u2019un trail exigeant, Zermatt offre l\u2019itin\u00e9raire id\u00e9al pour chaque niveau et transforme chaque sortie en v\u00e9ritable exp\u00e9rience.<\/p>\n","protected":false},"author":4,"featured_media":1398,"parent":1347,"menu_order":3,"comment_status":"closed","ping_status":"closed","template":"page-templates\/page-experience-biking.php","meta":{"_acf_changed":false,"footnotes":""},"class_list":["post-1399","page","type-page","status-publish","has-post-thumbnail","hentry"],"acf":[],"yoast_head":"<!-- This site is optimized with the Yoast SEO plugin v27.5 - https:\/\/yoast.com\/product\/yoast-seo-wordpress\/ -->\n<title>VTT \u00e0 Zermatt - Ambassador Zermatt<\/title>\n<meta name=\"description\" content=\"Le VTT \u00e0 Zermatt propose des parcours vari\u00e9s et des exp\u00e9riences impressionnantes dans un d\u00e9cor alpin majestueux.\" \/>\n<meta name=\"robots\" content=\"index, follow, max-snippet:-1, max-image-preview:large, max-video-preview:-1\" \/>\n<link rel=\"canonical\" href=\"https:\/\/www.ambassadorzermatt.com\/fr\/experiences-a-zermatt\/vtt\/\" \/>\n<meta property=\"og:locale\" content=\"fr_FR\" \/>\n<meta property=\"og:type\" content=\"article\" \/>\n<meta property=\"og:title\" content=\"VTT \u00e0 Zermatt - Ambassador Zermatt\" \/>\n<meta property=\"og:description\" content=\"Le VTT \u00e0 Zermatt propose des parcours vari\u00e9s et des exp\u00e9riences impressionnantes dans un d\u00e9cor alpin majestueux.\" \/>\n<meta property=\"og:url\" content=\"https:\/\/www.ambassadorzermatt.com\/fr\/experiences-a-zermatt\/vtt\/\" \/>\n<meta property=\"og:site_name\" content=\"Ambassador Zermatt\" \/>\n<meta property=\"article:modified_time\" content=\"2026-01-16T08:39:16+00:00\" \/>\n<meta property=\"og:image\" content=\"https:\/\/www.ambassadorzermatt.com\/wp-content\/uploads\/hotel-ambassador-zermatt-experiences-biken-featured-image-832x1024.png\" \/>\n\t<meta property=\"og:image:width\" content=\"832\" \/>\n\t<meta property=\"og:image:height\" content=\"1024\" \/>\n\t<meta property=\"og:image:type\" content=\"image\/png\" \/>\n<meta name=\"twitter:card\" content=\"summary_large_image\" \/>\n<meta name=\"twitter:label1\" content=\"Dur\u00e9e de lecture estim\u00e9e\" \/>\n\t<meta name=\"twitter:data1\" content=\"1 minute\" \/>\n<script type=\"application\/ld+json\" class=\"yoast-schema-graph\">{\"@context\":\"https:\\\/\\\/schema.org\",\"@graph\":[{\"@type\":\"WebPage\",\"@id\":\"https:\\\/\\\/www.ambassadorzermatt.com\\\/fr\\\/experiences-a-zermatt\\\/vtt\\\/\",\"url\":\"https:\\\/\\\/www.ambassadorzermatt.com\\\/fr\\\/experiences-a-zermatt\\\/vtt\\\/\",\"name\":\"VTT \u00e0 Zermatt - Ambassador Zermatt\",\"isPartOf\":{\"@id\":\"https:\\\/\\\/www.ambassadorzermatt.com\\\/fr\\\/#website\"},\"primaryImageOfPage\":{\"@id\":\"https:\\\/\\\/www.ambassadorzermatt.com\\\/fr\\\/experiences-a-zermatt\\\/vtt\\\/#primaryimage\"},\"image\":{\"@id\":\"https:\\\/\\\/www.ambassadorzermatt.com\\\/fr\\\/experiences-a-zermatt\\\/vtt\\\/#primaryimage\"},\"thumbnailUrl\":\"https:\\\/\\\/www.ambassadorzermatt.com\\\/wp-content\\\/uploads\\\/hotel-ambassador-zermatt-experiences-biken-featured-image.png\",\"datePublished\":\"2025-11-20T16:48:29+00:00\",\"dateModified\":\"2026-01-16T08:39:16+00:00\",\"description\":\"Le VTT \u00e0 Zermatt propose des parcours vari\u00e9s et des exp\u00e9riences impressionnantes dans un d\u00e9cor alpin majestueux.\",\"breadcrumb\":{\"@id\":\"https:\\\/\\\/www.ambassadorzermatt.com\\\/fr\\\/experiences-a-zermatt\\\/vtt\\\/#breadcrumb\"},\"inLanguage\":\"fr-FR\",\"potentialAction\":[{\"@type\":\"ReadAction\",\"target\":[\"https:\\\/\\\/www.ambassadorzermatt.com\\\/fr\\\/experiences-a-zermatt\\\/vtt\\\/\"]}]},{\"@type\":\"ImageObject\",\"inLanguage\":\"fr-FR\",\"@id\":\"https:\\\/\\\/www.ambassadorzermatt.com\\\/fr\\\/experiences-a-zermatt\\\/vtt\\\/#primaryimage\",\"url\":\"https:\\\/\\\/www.ambassadorzermatt.com\\\/wp-content\\\/uploads\\\/hotel-ambassador-zermatt-experiences-biken-featured-image.png\",\"contentUrl\":\"https:\\\/\\\/www.ambassadorzermatt.com\\\/wp-content\\\/uploads\\\/hotel-ambassador-zermatt-experiences-biken-featured-image.png\",\"width\":1340,\"height\":1650},{\"@type\":\"BreadcrumbList\",\"@id\":\"https:\\\/\\\/www.ambassadorzermatt.com\\\/fr\\\/experiences-a-zermatt\\\/vtt\\\/#breadcrumb\",\"itemListElement\":[{\"@type\":\"ListItem\",\"position\":1,\"name\":\"Home\",\"item\":\"https:\\\/\\\/www.ambassadorzermatt.com\\\/fr\\\/\"},{\"@type\":\"ListItem\",\"position\":2,\"name\":\"Exp\u00e9riences \u00e0 Zermatt\",\"item\":\"https:\\\/\\\/www.ambassadorzermatt.com\\\/fr\\\/experiences-a-zermatt\\\/\"},{\"@type\":\"ListItem\",\"position\":3,\"name\":\"VTT\"}]},{\"@type\":\"WebSite\",\"@id\":\"https:\\\/\\\/www.ambassadorzermatt.com\\\/fr\\\/#website\",\"url\":\"https:\\\/\\\/www.ambassadorzermatt.com\\\/fr\\\/\",\"name\":\"Ambassador Zermatt\",\"description\":\"\",\"publisher\":{\"@id\":\"https:\\\/\\\/www.ambassadorzermatt.com\\\/fr\\\/#organization\"},\"potentialAction\":[{\"@type\":\"SearchAction\",\"target\":{\"@type\":\"EntryPoint\",\"urlTemplate\":\"https:\\\/\\\/www.ambassadorzermatt.com\\\/fr\\\/?s={search_term_string}\"},\"query-input\":{\"@type\":\"PropertyValueSpecification\",\"valueRequired\":true,\"valueName\":\"search_term_string\"}}],\"inLanguage\":\"fr-FR\"},{\"@type\":\"Organization\",\"@id\":\"https:\\\/\\\/www.ambassadorzermatt.com\\\/fr\\\/#organization\",\"name\":\"Ambassador Zermatt\",\"url\":\"https:\\\/\\\/www.ambassadorzermatt.com\\\/fr\\\/\",\"logo\":{\"@type\":\"ImageObject\",\"inLanguage\":\"fr-FR\",\"@id\":\"https:\\\/\\\/www.ambassadorzermatt.com\\\/fr\\\/#\\\/schema\\\/logo\\\/image\\\/\",\"url\":\"https:\\\/\\\/www.ambassadorzermatt.com\\\/wp-content\\\/uploads\\\/amabssadorzermatt-logo.png\",\"contentUrl\":\"https:\\\/\\\/www.ambassadorzermatt.com\\\/wp-content\\\/uploads\\\/amabssadorzermatt-logo.png\",\"width\":488,\"height\":150,\"caption\":\"Ambassador Zermatt\"},\"image\":{\"@id\":\"https:\\\/\\\/www.ambassadorzermatt.com\\\/fr\\\/#\\\/schema\\\/logo\\\/image\\\/\"}}]}<\/script>\n<!-- \/ Yoast SEO plugin. -->","yoast_head_json":{"title":"VTT \u00e0 Zermatt - Ambassador Zermatt","description":"Le VTT \u00e0 Zermatt propose des parcours vari\u00e9s et des exp\u00e9riences impressionnantes dans un d\u00e9cor alpin majestueux.","robots":{"index":"index","follow":"follow","max-snippet":"max-snippet:-1","max-image-preview":"max-image-preview:large","max-video-preview":"max-video-preview:-1"},"canonical":"https:\/\/www.ambassadorzermatt.com\/fr\/experiences-a-zermatt\/vtt\/","og_locale":"fr_FR","og_type":"article","og_title":"VTT \u00e0 Zermatt - Ambassador Zermatt","og_description":"Le VTT \u00e0 Zermatt propose des parcours vari\u00e9s et des exp\u00e9riences impressionnantes dans un d\u00e9cor alpin majestueux.","og_url":"https:\/\/www.ambassadorzermatt.com\/fr\/experiences-a-zermatt\/vtt\/","og_site_name":"Ambassador Zermatt","article_modified_time":"2026-01-16T08:39:16+00:00","og_image":[{"width":832,"height":1024,"url":"https:\/\/www.ambassadorzermatt.com\/wp-content\/uploads\/hotel-ambassador-zermatt-experiences-biken-featured-image-832x1024.png","type":"image\/png"}],"twitter_card":"summary_large_image","twitter_misc":{"Dur\u00e9e de lecture estim\u00e9e":"1 minute"},"schema":{"@context":"https:\/\/schema.org","@graph":[{"@type":"WebPage","@id":"https:\/\/www.ambassadorzermatt.com\/fr\/experiences-a-zermatt\/vtt\/","url":"https:\/\/www.ambassadorzermatt.com\/fr\/experiences-a-zermatt\/vtt\/","name":"VTT \u00e0 Zermatt - Ambassador Zermatt","isPartOf":{"@id":"https:\/\/www.ambassadorzermatt.com\/fr\/#website"},"primaryImageOfPage":{"@id":"https:\/\/www.ambassadorzermatt.com\/fr\/experiences-a-zermatt\/vtt\/#primaryimage"},"image":{"@id":"https:\/\/www.ambassadorzermatt.com\/fr\/experiences-a-zermatt\/vtt\/#primaryimage"},"thumbnailUrl":"https:\/\/www.ambassadorzermatt.com\/wp-content\/uploads\/hotel-ambassador-zermatt-experiences-biken-featured-image.png","datePublished":"2025-11-20T16:48:29+00:00","dateModified":"2026-01-16T08:39:16+00:00","description":"Le VTT \u00e0 Zermatt propose des parcours vari\u00e9s et des exp\u00e9riences impressionnantes dans un d\u00e9cor alpin majestueux.","breadcrumb":{"@id":"https:\/\/www.ambassadorzermatt.com\/fr\/experiences-a-zermatt\/vtt\/#breadcrumb"},"inLanguage":"fr-FR","potentialAction":[{"@type":"ReadAction","target":["https:\/\/www.ambassadorzermatt.com\/fr\/experiences-a-zermatt\/vtt\/"]}]},{"@type":"ImageObject","inLanguage":"fr-FR","@id":"https:\/\/www.ambassadorzermatt.com\/fr\/experiences-a-zermatt\/vtt\/#primaryimage","url":"https:\/\/www.ambassadorzermatt.com\/wp-content\/uploads\/hotel-ambassador-zermatt-experiences-biken-featured-image.png","contentUrl":"https:\/\/www.ambassadorzermatt.com\/wp-content\/uploads\/hotel-ambassador-zermatt-experiences-biken-featured-image.png","width":1340,"height":1650},{"@type":"BreadcrumbList","@id":"https:\/\/www.ambassadorzermatt.com\/fr\/experiences-a-zermatt\/vtt\/#breadcrumb","itemListElement":[{"@type":"ListItem","position":1,"name":"Home","item":"https:\/\/www.ambassadorzermatt.com\/fr\/"},{"@type":"ListItem","position":2,"name":"Exp\u00e9riences \u00e0 Zermatt","item":"https:\/\/www.ambassadorzermatt.com\/fr\/experiences-a-zermatt\/"},{"@type":"ListItem","position":3,"name":"VTT"}]},{"@type":"WebSite","@id":"https:\/\/www.ambassadorzermatt.com\/fr\/#website","url":"https:\/\/www.ambassadorzermatt.com\/fr\/","name":"Ambassador Zermatt","description":"","publisher":{"@id":"https:\/\/www.ambassadorzermatt.com\/fr\/#organization"},"potentialAction":[{"@type":"SearchAction","target":{"@type":"EntryPoint","urlTemplate":"https:\/\/www.ambassadorzermatt.com\/fr\/?s={search_term_string}"},"query-input":{"@type":"PropertyValueSpecification","valueRequired":true,"valueName":"search_term_string"}}],"inLanguage":"fr-FR"},{"@type":"Organization","@id":"https:\/\/www.ambassadorzermatt.com\/fr\/#organization","name":"Ambassador Zermatt","url":"https:\/\/www.ambassadorzermatt.com\/fr\/","logo":{"@type":"ImageObject","inLanguage":"fr-FR","@id":"https:\/\/www.ambassadorzermatt.com\/fr\/#\/schema\/logo\/image\/","url":"https:\/\/www.ambassadorzermatt.com\/wp-content\/uploads\/amabssadorzermatt-logo.png","contentUrl":"https:\/\/www.ambassadorzermatt.com\/wp-content\/uploads\/amabssadorzermatt-logo.png","width":488,"height":150,"caption":"Ambassador Zermatt"},"image":{"@id":"https:\/\/www.ambassadorzermatt.com\/fr\/#\/schema\/logo\/image\/"}}]}},"_links":{"self":[{"href":"https:\/\/www.ambassadorzermatt.com\/fr\/wp-json\/wp\/v2\/pages\/1399","targetHints":{"allow":["GET"]}}],"collection":[{"href":"https:\/\/www.ambassadorzermatt.com\/fr\/wp-json\/wp\/v2\/pages"}],"about":[{"href":"https:\/\/www.ambassadorzermatt.com\/fr\/wp-json\/wp\/v2\/types\/page"}],"author":[{"embeddable":true,"href":"https:\/\/www.ambassadorzermatt.com\/fr\/wp-json\/wp\/v2\/users\/4"}],"replies":[{"embeddable":true,"href":"https:\/\/www.ambassadorzermatt.com\/fr\/wp-json\/wp\/v2\/comments?post=1399"}],"version-history":[{"count":3,"href":"https:\/\/www.ambassadorzermatt.com\/fr\/wp-json\/wp\/v2\/pages\/1399\/revisions"}],"predecessor-version":[{"id":2264,"href":"https:\/\/www.ambassadorzermatt.com\/fr\/wp-json\/wp\/v2\/pages\/1399\/revisions\/2264"}],"up":[{"embeddable":true,"href":"https:\/\/www.ambassadorzermatt.com\/fr\/wp-json\/wp\/v2\/pages\/1347"}],"wp:featuredmedia":[{"embeddable":true,"href":"https:\/\/www.ambassadorzermatt.com\/fr\/wp-json\/wp\/v2\/media\/1398"}],"wp:attachment":[{"href":"https:\/\/www.ambassadorzermatt.com\/fr\/wp-json\/wp\/v2\/media?parent=1399"}],"curies":[{"name":"wp","href":"https:\/\/api.w.org\/{rel}","templated":true}]}}