{"id":1370,"date":"2025-11-20T16:40:09","date_gmt":"2025-11-20T16:40:09","guid":{"rendered":"https:\/\/www.ambassadorzermatt.com\/experiences-a-zermatt\/plaisir-gourmand\/"},"modified":"2026-01-16T08:46:14","modified_gmt":"2026-01-16T08:46:14","slug":"plaisir-gourmand","status":"publish","type":"page","link":"https:\/\/www.ambassadorzermatt.com\/fr\/experiences-a-zermatt\/plaisir-gourmand\/","title":{"rendered":"Plaisir gourmand"},"content":{"rendered":"","protected":false},"excerpt":{"rendered":"<p>De la cuisine valaisanne traditionnelle aux cr\u00e9ations raffin\u00e9es du restaurant Carbon, le plaisir gourmand occupe une place de choix \u00e0 Zermatt.<\/p>\n","protected":false},"author":4,"featured_media":2124,"parent":1347,"menu_order":1,"comment_status":"closed","ping_status":"closed","template":"page-templates\/page-experience-enjoyment.php","meta":{"_acf_changed":false,"footnotes":""},"class_list":["post-1370","page","type-page","status-publish","has-post-thumbnail","hentry"],"acf":[],"yoast_head":"<!-- This site is optimized with the Yoast SEO plugin v27.5 - https:\/\/yoast.com\/product\/yoast-seo-wordpress\/ -->\n<title>Plaisir gourmand \u00e0 Zermatt - Ambassador Zermatt<\/title>\n<meta name=\"description\" content=\"Une gastronomie vari\u00e9e vous attend \u00e0 l\u2019Hotel Ambassador Zermatt \u2013 de la cuisine moderne aux soir\u00e9es dans une ambiance alpine.\" \/>\n<meta name=\"robots\" content=\"index, follow, max-snippet:-1, max-image-preview:large, max-video-preview:-1\" \/>\n<link rel=\"canonical\" href=\"https:\/\/www.ambassadorzermatt.com\/fr\/experiences-a-zermatt\/plaisir-gourmand\/\" \/>\n<meta property=\"og:locale\" content=\"fr_FR\" \/>\n<meta property=\"og:type\" content=\"article\" \/>\n<meta property=\"og:title\" content=\"Plaisir gourmand \u00e0 Zermatt - Ambassador Zermatt\" \/>\n<meta property=\"og:description\" content=\"Une gastronomie vari\u00e9e vous attend \u00e0 l\u2019Hotel Ambassador Zermatt \u2013 de la cuisine moderne aux soir\u00e9es dans une ambiance alpine.\" \/>\n<meta property=\"og:url\" content=\"https:\/\/www.ambassadorzermatt.com\/fr\/experiences-a-zermatt\/plaisir-gourmand\/\" \/>\n<meta property=\"og:site_name\" content=\"Ambassador Zermatt\" \/>\n<meta property=\"article:modified_time\" content=\"2026-01-16T08:46:14+00:00\" \/>\n<meta property=\"og:image\" content=\"https:\/\/www.ambassadorzermatt.com\/wp-content\/uploads\/hotel-ambassador-zermatt-experiences-genuss-featured-image-1-832x1024.jpg\" \/>\n\t<meta property=\"og:image:width\" content=\"832\" \/>\n\t<meta property=\"og:image:height\" content=\"1024\" \/>\n\t<meta property=\"og:image:type\" content=\"image\/jpeg\" \/>\n<meta name=\"twitter:card\" content=\"summary_large_image\" \/>\n<meta name=\"twitter:label1\" content=\"Dur\u00e9e de lecture estim\u00e9e\" \/>\n\t<meta name=\"twitter:data1\" content=\"1 minute\" \/>\n<script type=\"application\/ld+json\" class=\"yoast-schema-graph\">{\"@context\":\"https:\\\/\\\/schema.org\",\"@graph\":[{\"@type\":\"WebPage\",\"@id\":\"https:\\\/\\\/www.ambassadorzermatt.com\\\/fr\\\/experiences-a-zermatt\\\/plaisir-gourmand\\\/\",\"url\":\"https:\\\/\\\/www.ambassadorzermatt.com\\\/fr\\\/experiences-a-zermatt\\\/plaisir-gourmand\\\/\",\"name\":\"Plaisir gourmand \u00e0 Zermatt - Ambassador Zermatt\",\"isPartOf\":{\"@id\":\"https:\\\/\\\/www.ambassadorzermatt.com\\\/fr\\\/#website\"},\"primaryImageOfPage\":{\"@id\":\"https:\\\/\\\/www.ambassadorzermatt.com\\\/fr\\\/experiences-a-zermatt\\\/plaisir-gourmand\\\/#primaryimage\"},\"image\":{\"@id\":\"https:\\\/\\\/www.ambassadorzermatt.com\\\/fr\\\/experiences-a-zermatt\\\/plaisir-gourmand\\\/#primaryimage\"},\"thumbnailUrl\":\"https:\\\/\\\/www.ambassadorzermatt.com\\\/wp-content\\\/uploads\\\/hotel-ambassador-zermatt-experiences-genuss-featured-image-1.jpg\",\"datePublished\":\"2025-11-20T16:40:09+00:00\",\"dateModified\":\"2026-01-16T08:46:14+00:00\",\"description\":\"Une gastronomie vari\u00e9e vous attend \u00e0 l\u2019Hotel Ambassador Zermatt \u2013 de la cuisine moderne aux soir\u00e9es dans une ambiance alpine.\",\"breadcrumb\":{\"@id\":\"https:\\\/\\\/www.ambassadorzermatt.com\\\/fr\\\/experiences-a-zermatt\\\/plaisir-gourmand\\\/#breadcrumb\"},\"inLanguage\":\"fr-FR\",\"potentialAction\":[{\"@type\":\"ReadAction\",\"target\":[\"https:\\\/\\\/www.ambassadorzermatt.com\\\/fr\\\/experiences-a-zermatt\\\/plaisir-gourmand\\\/\"]}]},{\"@type\":\"ImageObject\",\"inLanguage\":\"fr-FR\",\"@id\":\"https:\\\/\\\/www.ambassadorzermatt.com\\\/fr\\\/experiences-a-zermatt\\\/plaisir-gourmand\\\/#primaryimage\",\"url\":\"https:\\\/\\\/www.ambassadorzermatt.com\\\/wp-content\\\/uploads\\\/hotel-ambassador-zermatt-experiences-genuss-featured-image-1.jpg\",\"contentUrl\":\"https:\\\/\\\/www.ambassadorzermatt.com\\\/wp-content\\\/uploads\\\/hotel-ambassador-zermatt-experiences-genuss-featured-image-1.jpg\",\"width\":1340,\"height\":1650},{\"@type\":\"BreadcrumbList\",\"@id\":\"https:\\\/\\\/www.ambassadorzermatt.com\\\/fr\\\/experiences-a-zermatt\\\/plaisir-gourmand\\\/#breadcrumb\",\"itemListElement\":[{\"@type\":\"ListItem\",\"position\":1,\"name\":\"Home\",\"item\":\"https:\\\/\\\/www.ambassadorzermatt.com\\\/fr\\\/\"},{\"@type\":\"ListItem\",\"position\":2,\"name\":\"Exp\u00e9riences \u00e0 Zermatt\",\"item\":\"https:\\\/\\\/www.ambassadorzermatt.com\\\/fr\\\/experiences-a-zermatt\\\/\"},{\"@type\":\"ListItem\",\"position\":3,\"name\":\"Plaisir gourmand\"}]},{\"@type\":\"WebSite\",\"@id\":\"https:\\\/\\\/www.ambassadorzermatt.com\\\/fr\\\/#website\",\"url\":\"https:\\\/\\\/www.ambassadorzermatt.com\\\/fr\\\/\",\"name\":\"Ambassador Zermatt\",\"description\":\"\",\"publisher\":{\"@id\":\"https:\\\/\\\/www.ambassadorzermatt.com\\\/fr\\\/#organization\"},\"potentialAction\":[{\"@type\":\"SearchAction\",\"target\":{\"@type\":\"EntryPoint\",\"urlTemplate\":\"https:\\\/\\\/www.ambassadorzermatt.com\\\/fr\\\/?s={search_term_string}\"},\"query-input\":{\"@type\":\"PropertyValueSpecification\",\"valueRequired\":true,\"valueName\":\"search_term_string\"}}],\"inLanguage\":\"fr-FR\"},{\"@type\":\"Organization\",\"@id\":\"https:\\\/\\\/www.ambassadorzermatt.com\\\/fr\\\/#organization\",\"name\":\"Ambassador Zermatt\",\"url\":\"https:\\\/\\\/www.ambassadorzermatt.com\\\/fr\\\/\",\"logo\":{\"@type\":\"ImageObject\",\"inLanguage\":\"fr-FR\",\"@id\":\"https:\\\/\\\/www.ambassadorzermatt.com\\\/fr\\\/#\\\/schema\\\/logo\\\/image\\\/\",\"url\":\"https:\\\/\\\/www.ambassadorzermatt.com\\\/wp-content\\\/uploads\\\/amabssadorzermatt-logo.png\",\"contentUrl\":\"https:\\\/\\\/www.ambassadorzermatt.com\\\/wp-content\\\/uploads\\\/amabssadorzermatt-logo.png\",\"width\":488,\"height\":150,\"caption\":\"Ambassador Zermatt\"},\"image\":{\"@id\":\"https:\\\/\\\/www.ambassadorzermatt.com\\\/fr\\\/#\\\/schema\\\/logo\\\/image\\\/\"}}]}<\/script>\n<!-- \/ Yoast SEO plugin. -->","yoast_head_json":{"title":"Plaisir gourmand \u00e0 Zermatt - Ambassador Zermatt","description":"Une gastronomie vari\u00e9e vous attend \u00e0 l\u2019Hotel Ambassador Zermatt \u2013 de la cuisine moderne aux soir\u00e9es dans une ambiance alpine.","robots":{"index":"index","follow":"follow","max-snippet":"max-snippet:-1","max-image-preview":"max-image-preview:large","max-video-preview":"max-video-preview:-1"},"canonical":"https:\/\/www.ambassadorzermatt.com\/fr\/experiences-a-zermatt\/plaisir-gourmand\/","og_locale":"fr_FR","og_type":"article","og_title":"Plaisir gourmand \u00e0 Zermatt - Ambassador Zermatt","og_description":"Une gastronomie vari\u00e9e vous attend \u00e0 l\u2019Hotel Ambassador Zermatt \u2013 de la cuisine moderne aux soir\u00e9es dans une ambiance alpine.","og_url":"https:\/\/www.ambassadorzermatt.com\/fr\/experiences-a-zermatt\/plaisir-gourmand\/","og_site_name":"Ambassador Zermatt","article_modified_time":"2026-01-16T08:46:14+00:00","og_image":[{"width":832,"height":1024,"url":"https:\/\/www.ambassadorzermatt.com\/wp-content\/uploads\/hotel-ambassador-zermatt-experiences-genuss-featured-image-1-832x1024.jpg","type":"image\/jpeg"}],"twitter_card":"summary_large_image","twitter_misc":{"Dur\u00e9e de lecture estim\u00e9e":"1 minute"},"schema":{"@context":"https:\/\/schema.org","@graph":[{"@type":"WebPage","@id":"https:\/\/www.ambassadorzermatt.com\/fr\/experiences-a-zermatt\/plaisir-gourmand\/","url":"https:\/\/www.ambassadorzermatt.com\/fr\/experiences-a-zermatt\/plaisir-gourmand\/","name":"Plaisir gourmand \u00e0 Zermatt - Ambassador Zermatt","isPartOf":{"@id":"https:\/\/www.ambassadorzermatt.com\/fr\/#website"},"primaryImageOfPage":{"@id":"https:\/\/www.ambassadorzermatt.com\/fr\/experiences-a-zermatt\/plaisir-gourmand\/#primaryimage"},"image":{"@id":"https:\/\/www.ambassadorzermatt.com\/fr\/experiences-a-zermatt\/plaisir-gourmand\/#primaryimage"},"thumbnailUrl":"https:\/\/www.ambassadorzermatt.com\/wp-content\/uploads\/hotel-ambassador-zermatt-experiences-genuss-featured-image-1.jpg","datePublished":"2025-11-20T16:40:09+00:00","dateModified":"2026-01-16T08:46:14+00:00","description":"Une gastronomie vari\u00e9e vous attend \u00e0 l\u2019Hotel Ambassador Zermatt \u2013 de la cuisine moderne aux soir\u00e9es dans une ambiance alpine.","breadcrumb":{"@id":"https:\/\/www.ambassadorzermatt.com\/fr\/experiences-a-zermatt\/plaisir-gourmand\/#breadcrumb"},"inLanguage":"fr-FR","potentialAction":[{"@type":"ReadAction","target":["https:\/\/www.ambassadorzermatt.com\/fr\/experiences-a-zermatt\/plaisir-gourmand\/"]}]},{"@type":"ImageObject","inLanguage":"fr-FR","@id":"https:\/\/www.ambassadorzermatt.com\/fr\/experiences-a-zermatt\/plaisir-gourmand\/#primaryimage","url":"https:\/\/www.ambassadorzermatt.com\/wp-content\/uploads\/hotel-ambassador-zermatt-experiences-genuss-featured-image-1.jpg","contentUrl":"https:\/\/www.ambassadorzermatt.com\/wp-content\/uploads\/hotel-ambassador-zermatt-experiences-genuss-featured-image-1.jpg","width":1340,"height":1650},{"@type":"BreadcrumbList","@id":"https:\/\/www.ambassadorzermatt.com\/fr\/experiences-a-zermatt\/plaisir-gourmand\/#breadcrumb","itemListElement":[{"@type":"ListItem","position":1,"name":"Home","item":"https:\/\/www.ambassadorzermatt.com\/fr\/"},{"@type":"ListItem","position":2,"name":"Exp\u00e9riences \u00e0 Zermatt","item":"https:\/\/www.ambassadorzermatt.com\/fr\/experiences-a-zermatt\/"},{"@type":"ListItem","position":3,"name":"Plaisir gourmand"}]},{"@type":"WebSite","@id":"https:\/\/www.ambassadorzermatt.com\/fr\/#website","url":"https:\/\/www.ambassadorzermatt.com\/fr\/","name":"Ambassador Zermatt","description":"","publisher":{"@id":"https:\/\/www.ambassadorzermatt.com\/fr\/#organization"},"potentialAction":[{"@type":"SearchAction","target":{"@type":"EntryPoint","urlTemplate":"https:\/\/www.ambassadorzermatt.com\/fr\/?s={search_term_string}"},"query-input":{"@type":"PropertyValueSpecification","valueRequired":true,"valueName":"search_term_string"}}],"inLanguage":"fr-FR"},{"@type":"Organization","@id":"https:\/\/www.ambassadorzermatt.com\/fr\/#organization","name":"Ambassador Zermatt","url":"https:\/\/www.ambassadorzermatt.com\/fr\/","logo":{"@type":"ImageObject","inLanguage":"fr-FR","@id":"https:\/\/www.ambassadorzermatt.com\/fr\/#\/schema\/logo\/image\/","url":"https:\/\/www.ambassadorzermatt.com\/wp-content\/uploads\/amabssadorzermatt-logo.png","contentUrl":"https:\/\/www.ambassadorzermatt.com\/wp-content\/uploads\/amabssadorzermatt-logo.png","width":488,"height":150,"caption":"Ambassador Zermatt"},"image":{"@id":"https:\/\/www.ambassadorzermatt.com\/fr\/#\/schema\/logo\/image\/"}}]}},"_links":{"self":[{"href":"https:\/\/www.ambassadorzermatt.com\/fr\/wp-json\/wp\/v2\/pages\/1370","targetHints":{"allow":["GET"]}}],"collection":[{"href":"https:\/\/www.ambassadorzermatt.com\/fr\/wp-json\/wp\/v2\/pages"}],"about":[{"href":"https:\/\/www.ambassadorzermatt.com\/fr\/wp-json\/wp\/v2\/types\/page"}],"author":[{"embeddable":true,"href":"https:\/\/www.ambassadorzermatt.com\/fr\/wp-json\/wp\/v2\/users\/4"}],"replies":[{"embeddable":true,"href":"https:\/\/www.ambassadorzermatt.com\/fr\/wp-json\/wp\/v2\/comments?post=1370"}],"version-history":[{"count":3,"href":"https:\/\/www.ambassadorzermatt.com\/fr\/wp-json\/wp\/v2\/pages\/1370\/revisions"}],"predecessor-version":[{"id":2283,"href":"https:\/\/www.ambassadorzermatt.com\/fr\/wp-json\/wp\/v2\/pages\/1370\/revisions\/2283"}],"up":[{"embeddable":true,"href":"https:\/\/www.ambassadorzermatt.com\/fr\/wp-json\/wp\/v2\/pages\/1347"}],"wp:featuredmedia":[{"embeddable":true,"href":"https:\/\/www.ambassadorzermatt.com\/fr\/wp-json\/wp\/v2\/media\/2124"}],"wp:attachment":[{"href":"https:\/\/www.ambassadorzermatt.com\/fr\/wp-json\/wp\/v2\/media?parent=1370"}],"curies":[{"name":"wp","href":"https:\/\/api.w.org\/{rel}","templated":true}]}}