{"id":1345,"date":"2025-11-25T11:38:21","date_gmt":"2025-11-25T11:38:21","guid":{"rendered":"https:\/\/www.ambassadorzermatt.com\/declaration-de-protection-des-donnees\/"},"modified":"2025-12-04T16:02:09","modified_gmt":"2025-12-04T16:02:09","slug":"declaration-de-protection-des-donnees","status":"publish","type":"page","link":"https:\/\/www.ambassadorzermatt.com\/fr\/declaration-de-protection-des-donnees\/","title":{"rendered":"Notice de protection des donn\u00e9es"},"content":{"rendered":"\n<h1 class=\"wp-block-heading\">Protection des donn\u00e9es<\/h1>\n\n\n\n<p>Toutes les questions relatives \u00e0 la protection des donn\u00e9es nous tiennent particuli\u00e8rement \u00e0 c\u0153ur. Vous trouverez donc ci-dessous les informations concernant la protection de vos donn\u00e9es personnelles.<\/p>\n\n\n\n<h2 class=\"wp-block-heading\">G\u00e9n\u00e9ralit\u00e9s<\/h2>\n\n\n\n<p>La pr\u00e9sente d\u00e9claration de protection des donn\u00e9es informe les utilisateurs sur la nature, l\u2019\u00e9tendue et les finalit\u00e9s de la collecte et de l\u2019utilisation de donn\u00e9es personnelles par l\u2019h\u00f4tel Ambassador sur ce site Internet.<\/p>\n\n\n\n<p>Quelles donn\u00e9es sont automatiquement enregistr\u00e9es par notre h\u00e9bergeur ?<br>Le prestataire de ce site collecte et enregistre automatiquement des informations dans ce que l\u2019on appelle des fichiers journaux de serveur, que votre navigateur nous transmet automatiquement. Les donn\u00e9es d\u2019acc\u00e8s comprennent notamment : <\/p>\n\n\n\n<ul class=\"wp-block-list\">\n<li>Nom de la page consult\u00e9e<\/li>\n\n\n\n<li>Date et heure de la consultation<\/li>\n\n\n\n<li>Volume de donn\u00e9es transmises<\/li>\n\n\n\n<li>Message de r\u00e9ussite de la consultation<\/li>\n\n\n\n<li>Type et version du navigateur ainsi que le syst\u00e8me d\u2019exploitation de l\u2019utilisateur<\/li>\n\n\n\n<li>URL de r\u00e9f\u00e9rence (l\u2019URL renvoyant vers notre site, par exemple une recherche Google)<\/li>\n\n\n\n<li>Adresse IP et fournisseur sollicitant.<\/li>\n<\/ul>\n\n\n\n<p>Le prestataire utilise les donn\u00e9es de journal uniquement pour des analyses statistiques dans le but d\u2019assurer le fonctionnement, la s\u00e9curit\u00e9 et l\u2019optimisation de l\u2019offre. Toutefois, il se r\u00e9serve le droit de v\u00e9rifier ult\u00e9rieurement les donn\u00e9es de journal s\u2019il existe des indices concrets laissant supposer une utilisation ill\u00e9gale. <\/p>\n\n\n\n<h2 class=\"wp-block-heading\">Traitement des donn\u00e9es personnelles<\/h2>\n\n\n\n<p>Les donn\u00e9es personnelles sont des informations permettant d\u2019identifier une personne, c\u2019est-\u00e0-dire des donn\u00e9es pouvant \u00eatre rattach\u00e9es \u00e0 une personne sp\u00e9cifique. Il peut s\u2019agir du nom, de l\u2019adresse e-mail ou du num\u00e9ro de t\u00e9l\u00e9phone, mais \u00e9galement d\u2019informations relatives aux pr\u00e9f\u00e9rences, aux loisirs, aux affiliations ou encore aux pages Web consult\u00e9es. Les donn\u00e9es personnelles ne sont collect\u00e9es, utilis\u00e9es et transmises par le prestataire que si la loi l\u2019autorise ou si les utilisateurs ont donn\u00e9 leur consentement \u00e0 cette collecte de donn\u00e9es.   <\/p>\n\n\n\n<h2 class=\"wp-block-heading\">Protection de vos donn\u00e9es personnelles<\/h2>\n\n\n\n<p>Nous avons mis en place des mesures de s\u00e9curit\u00e9 techniques et organisationnelles afin de prot\u00e9ger vos donn\u00e9es personnelles contre la perte, la destruction, la manipulation et tout acc\u00e8s non autoris\u00e9. Nos mesures de s\u00e9curit\u00e9 sont continuellement adapt\u00e9es et optimis\u00e9es en fonction de l\u2019\u00e9volution technologique. Lorsque vous utilisez un service de notre site Web, vos donn\u00e9es personnelles nous sont transmises. Pour \u00e9viter qu\u2019elles ne tombent entre de mauvaises mains, nous les chiffrons \u00e0 l\u2019aide du protocole SSL (Secure Socket Layer). Le proc\u00e9d\u00e9 SSL est actuellement la m\u00e9thode de transmission de donn\u00e9es la plus courante et la plus s\u00fbre sur Internet.    <\/p>\n\n\n\n<h2 class=\"wp-block-heading\">Fonction du proc\u00e9d\u00e9 SSL<\/h2>\n\n\n\n<p>Gr\u00e2ce au proc\u00e9d\u00e9 SSL (Secure Socket Layer), les donn\u00e9es qu\u2019un client transmet via Internet au serveur d\u2019une entreprise sont prot\u00e9g\u00e9es. SSL offre une triple protection : <\/p>\n\n\n\n<ul class=\"wp-block-list\">\n<li>Vos donn\u00e9es transmises sont crypt\u00e9es.<\/li>\n\n\n\n<li>Il est garanti que le formulaire n\u2019est renvoy\u00e9 qu\u2019au serveur \u00e0 partir duquel il a \u00e9t\u00e9 ouvert.<\/li>\n\n\n\n<li>Il est v\u00e9rifi\u00e9 que les donn\u00e9es parviennent \u00e0 leur destinataire respectif de mani\u00e8re compl\u00e8te et sans modification.<\/li>\n<\/ul>\n\n\n\n<p>Le protocole SSL est utilis\u00e9 d\u00e8s que vous voyez un petit cadenas (g\u00e9n\u00e9ralement vert) appara\u00eetre soit en bas \u00e0 gauche dans la barre d\u2019\u00e9tat de votre navigateur, soit \u00e0 c\u00f4t\u00e9 de la barre d\u2019adresse en haut de votre navigateur.<\/p>\n\n\n\n<h2 class=\"wp-block-heading\">Quelles informations sont enregistr\u00e9es lors d\u2019une prise de contact ?<\/h2>\n\n\n\n<p>Lors d\u2019une prise de contact via notre formulaire, les informations fournies par l\u2019utilisateur sont enregistr\u00e9es afin de traiter la demande et de pouvoir r\u00e9pondre \u00e0 d\u2019\u00e9ventuelles questions ult\u00e9rieures. Ces donn\u00e9es ne sont pas transmises sans le consentement de l\u2019utilisateur. <\/p>\n\n\n\n<h2 class=\"wp-block-heading\">\u00c0 quoi servent les donn\u00e9es de la newsletter ?<\/h2>\n\n\n\n<p>Si vous souhaitez recevoir la newsletter propos\u00e9e sur le site, nous avons besoin de votre adresse e-mail ainsi que d\u2019informations nous permettant de v\u00e9rifier que vous \u00eates bien le propri\u00e9taire de l\u2019adresse e-mail indiqu\u00e9e et que vous acceptez de recevoir la newsletter. Aucune autre donn\u00e9e n\u2019est collect\u00e9e. Ces informations sont utilis\u00e9es exclusivement pour l\u2019envoi des contenus demand\u00e9s et ne sont pas transmises \u00e0 des tiers. Vous pouvez \u00e0 tout moment r\u00e9voquer votre consentement concernant l\u2019enregistrement de vos donn\u00e9es, de votre adresse e-mail ainsi que leur utilisation pour l\u2019envoi de la newsletter.   <\/p>\n\n\n\n<h2 class=\"wp-block-heading\">Int\u00e9gration de services et de contenus de tiers<\/h2>\n\n\n\n<p>Il peut arriver que des contenus tiers soient int\u00e9gr\u00e9s dans cette offre en ligne, tels que des vid\u00e9os de YouTube, des cartes de Google Maps, des flux RSS ou des graphiques provenant d\u2019autres sites Web. Ceci suppose toujours que les fournisseurs de ces contenus (d\u00e9sign\u00e9s ci-apr\u00e8s comme \u00ab fournisseurs tiers \u00bb) per\u00e7oivent l\u2019adresse IP des utilisateurs. En effet, sans l\u2019adresse IP, ils ne pourraient pas transmettre les contenus au navigateur de l\u2019utilisateur concern\u00e9. L\u2019adresse IP est donc indispensable pour afficher ces contenus. Nous nous effor\u00e7ons d\u2019utiliser uniquement des contenus dont les fournisseurs respectifs n\u2019utilisent l\u2019adresse IP qu\u2019aux fins de la livraison des contenus. Toutefois, nous n\u2019avons aucune influence si les fournisseurs tiers enregistrent l\u2019adresse IP par exemple \u00e0 des fins statistiques. Dans la mesure o\u00f9 cela nous est connu, nous en informons les utilisateurs.      <\/p>\n\n\n\n<h2 class=\"wp-block-heading\">Utilisation des plug-ins sociaux de Facebook<\/h2>\n\n\n\n<p>Nous utilisons des plug-ins sociaux de facebook.com, exploit\u00e9s par Facebook Inc., sur notre site Internet. Les plug-ins sont reconnaissables au logo Facebook ou \u00e0 la mention \u00ab Facebook Social Plugin \u00bb. L\u2019\u00e9change de donn\u00e9es ne se produit pas uniquement lorsque vous cliquez sur le bouton Like, mais d\u00e9j\u00e0 par le code fourni par Facebook et int\u00e9gr\u00e9 sur le site. Ces donn\u00e9es ne peuvent pas \u00eatre consult\u00e9es ou modifi\u00e9es de mani\u00e8re regroup\u00e9e par l\u2019exploitant du site. Vous trouverez des informations d\u00e9taill\u00e9es sur la mani\u00e8re dont Facebook traite vos donn\u00e9es personnelles dans la politique de confidentialit\u00e9 de Facebook :     <br><a href=\"http:\/\/www.facebook.com\/policy.php\" target=\"_blank\" rel=\"noreferrer noopener\">www.facebook.com\/policy.php<\/a><\/p>\n\n\n\n<h2 class=\"wp-block-heading\">Utilisation des cookies et enregistrement sur votre ordinateur<\/h2>\n\n\n\n<p>Afin de rendre votre visite sur le site plus agr\u00e9able et de permettre l\u2019utilisation de certaines fonctionnalit\u00e9s, celui-ci utilise sur plusieurs pages ce que l\u2019on appelle des cookies. Il s\u2019agit de petits fichiers texte enregistr\u00e9s sur votre terminal (par exemple t\u00e9l\u00e9phone, tablette, ordinateur). Certains des cookies utilis\u00e9s sont supprim\u00e9s \u00e0 la fin de votre session de navigation, c\u2019est-\u00e0-dire lorsque vous fermez votre navigateur (cookies de session). D\u2019autres cookies restent enregistr\u00e9s sur votre terminal et permettent de reconna\u00eetre votre navigateur lors de votre prochaine visite (cookies persistants, comme par exemple l\u2019enregistrement de vos donn\u00e9es de connexion si vous le souhaitez).<br>Vous pouvez configurer votre navigateur de mani\u00e8re \u00e0 \u00eatre inform\u00e9 de l\u2019installation de cookies et d\u00e9cider vous-m\u00eame de les accepter ou non, ou encore en refuser syst\u00e9matiquement l\u2019utilisation. Nous attirons votre attention sur le fait que certaines fonctionnalit\u00e9s et le confort d\u2019utilisation du site peuvent \u00eatre limit\u00e9s sans cookies. Vous trouverez davantage d\u2019informations ici :      <br><a href=\"http:\/\/www.allaboutcookies.org\/ge\/cookies-verwalten\/\" target=\"_blank\" rel=\"noreferrer noopener\">http:\/\/www.allaboutcookies.org\/ge\/cookies-verwalten\/<\/a><\/p>\n\n\n\n<h2 class=\"wp-block-heading\">Utilisation de Google Analytics<\/h2>\n\n\n\n<p>Ce site utilise les fonctionnalit\u00e9s du service d\u2019analyse Web Google Analytics. Le fournisseur est Google Inc., 1600 Amphitheatre Parkway, Mountain View, CA 94043, USA. Google Analytics utilise des cookies. Les informations g\u00e9n\u00e9r\u00e9es par les cookies concernant votre utilisation du site sont g\u00e9n\u00e9ralement transmises \u00e0 un serveur de Google aux \u00c9tats-Unis et y sont enregistr\u00e9es. Pour le compte de l\u2019exploitant de ce site, Google utilisera ces informations afin d\u2019\u00e9valuer votre utilisation du site, de compiler des rapports sur les activit\u00e9s du site et de fournir d\u2019autres services li\u00e9s \u00e0 l\u2019utilisation du site Internet et d\u2019Internet. L\u2019adresse IP transmise par votre navigateur dans le cadre de Google Analytics n\u2019est pas recoup\u00e9e avec d\u2019autres donn\u00e9es d\u00e9tenues par Google. Vous pouvez emp\u00eacher l\u2019enregistrement des cookies en configurant votre navigateur en cons\u00e9quence ; nous attirons toutefois votre attention sur le fait que, dans ce cas, certaines fonctionnalit\u00e9s du site pourraient ne pas \u00eatre pleinement disponibles. Vous pouvez \u00e9galement emp\u00eacher la collecte des donn\u00e9es g\u00e9n\u00e9r\u00e9es par les cookies et li\u00e9es \u00e0 votre utilisation du site (y compris votre adresse IP), ainsi que le traitement de ces donn\u00e9es par Google, en t\u00e9l\u00e9chargeant et en installant le module de navigateur disponible via le lien suivant : <br><a href=\"http:\/\/tools.google.com\/dlpage\/gaoptout?hl=fr\" target=\"_blank\" rel=\"noreferrer noopener\">http:\/\/tools.google.com\/dlpage\/gaoptout?hl=fr<\/a><\/p>\n\n\n\n<h2 class=\"wp-block-heading\">Utilisation de polices Web (Webfonts)<\/h2>\n\n\n\n<p>Sur ces pages Internet, des polices externes, les Google Fonts, sont utilis\u00e9es. Google Fonts est un service de Google Inc. (\u00ab Google \u00bb). L\u2019int\u00e9gration de ces polices Web se fait par un appel \u00e0 un serveur, g\u00e9n\u00e9ralement un serveur de Google aux \u00c9tats-Unis. Cela permet au serveur de savoir quelles pages de notre site vous avez consult\u00e9es. L\u2019adresse IP du navigateur du terminal du visiteur de ces pages Internet est \u00e9galement enregistr\u00e9e par Google. Vous trouverez de plus amples informations dans la politique de confidentialit\u00e9 de Google, disponible ici :      <br><a href=\"http:\/\/www.google.com\/fonts#AboutPlace:about\" target=\"_blank\" rel=\"noreferrer noopener\">www.google.com\/fonts#AboutPlace:about<\/a><br><a href=\"http:\/\/www.google.com\/policies\/privacy\/\" target=\"_blank\" rel=\"noreferrer noopener\">www.google.com\/policies\/privacy\/<\/a><\/p>\n\n\n\n<h2 class=\"wp-block-heading\">Utilisation des donn\u00e9es conform\u00e9ment \u00e0 leur finalit\u00e9<\/h2>\n\n\n\n<p>Nous respectons le principe de l\u2019utilisation des donn\u00e9es conform\u00e9ment \u00e0 leur finalit\u00e9 et ne collectons, traitons et enregistrons vos donn\u00e9es personnelles que pour les objectifs que vous nous avez communiqu\u00e9s. Vos donn\u00e9es personnelles ne sont pas transmises \u00e0 des tiers sans votre consentement explicite, sauf si cela est n\u00e9cessaire pour la fourniture du service ou l\u2019ex\u00e9cution du contrat. La transmission \u00e0 des institutions ou autorit\u00e9s \u00e9tatiques habilit\u00e9es \u00e0 recevoir ces informations n\u2019a lieu que dans le cadre des obligations l\u00e9gales de communication ou si une d\u00e9cision judiciaire nous y contraint. La protection des donn\u00e9es au sein de notre entreprise nous tient \u00e9galement particuli\u00e8rement \u00e0 c\u0153ur. Nos collaborateurs ainsi que les prestataires de services mandat\u00e9s par nos soins sont tenus \u00e0 la confidentialit\u00e9 et au respect des dispositions l\u00e9gales relatives \u00e0 la protection des donn\u00e9es.    <\/p>\n\n\n\n<h2 class=\"wp-block-heading\">Droit d\u2019acc\u00e8s et de r\u00e9vocation<\/h2>\n\n\n\n<p>Vous pouvez \u00e0 tout moment, sans indication de motifs, obtenir gratuitement des informations sur les donn\u00e9es vous concernant enregistr\u00e9es chez nous. Vous pouvez \u00e0 tout moment faire bloquer, rectifier ou supprimer les donn\u00e9es collect\u00e9es \u00e0 votre sujet et vous opposer \u00e0 la collecte et \u00e0 l\u2019enregistrement anonymis\u00e9s ou pseudonymis\u00e9s de donn\u00e9es \u00e0 des fins d\u2019optimisation de notre site Internet. Vous pouvez \u00e9galement r\u00e9voquer \u00e0 tout moment, sans indication de motifs, le consentement que vous nous avez donn\u00e9 pour la collecte et l\u2019utilisation de vos donn\u00e9es. Veuillez pour cela vous adresser \u00e0 info@ambassadorzermatt.com.<br>Nous nous tenons volontiers \u00e0 votre disposition pour toute autre question concernant nos informations sur la protection des donn\u00e9es et le traitement de vos donn\u00e9es personnelles. Veuillez noter que les dispositions relatives \u00e0 la protection des donn\u00e9es et leur mise en \u0153uvre, par exemple chez Google, peuvent \u00e9voluer en permanence. Il est donc recommand\u00e9 et n\u00e9cessaire de se tenir r\u00e9guli\u00e8rement inform\u00e9 des changements des dispositions l\u00e9gales ainsi que des pratiques des entreprises, comme par exemple Google.      <\/p>\n\n\n\n<h2 class=\"wp-block-heading\">Encore des questions ou des incertitudes ?<\/h2>\n\n\n\n<p>Votre confiance est importante pour nous. C\u2019est pourquoi nous souhaitons rester \u00e0 votre disposition concernant le traitement de vos donn\u00e9es personnelles. Si vous avez des questions auxquelles la pr\u00e9sente d\u00e9claration de protection des donn\u00e9es n\u2019a pas pu r\u00e9pondre, contactez-nous par e-mail \u00e0 l\u2019adresse <a href=\"mailto:info@ambassadorzermatt.com\">info@ambassadorzermatt.com<\/a>.  <\/p>\n","protected":false},"excerpt":{"rendered":"<p>Protection des donn\u00e9es Toutes les questions relatives \u00e0 la protection des donn\u00e9es nous tiennent particuli\u00e8rement \u00e0 c\u0153ur. Vous trouverez donc ci-dessous les informations concernant la protection de vos donn\u00e9es personnelles. G\u00e9n\u00e9ralit\u00e9s La pr\u00e9sente d\u00e9claration de protection des donn\u00e9es informe les utilisateurs sur la nature, l\u2019\u00e9tendue et les finalit\u00e9s de la collecte et de l\u2019utilisation de [&hellip;]<\/p>\n","protected":false},"author":1,"featured_media":0,"parent":0,"menu_order":0,"comment_status":"closed","ping_status":"closed","template":"","meta":{"_acf_changed":false,"footnotes":""},"class_list":["post-1345","page","type-page","status-publish","hentry"],"acf":[],"yoast_head":"<!-- This site is optimized with the Yoast SEO plugin v27.5 - https:\/\/yoast.com\/product\/yoast-seo-wordpress\/ -->\n<title>Notice de protection des donn\u00e9es - Ambassador Zermatt<\/title>\n<meta name=\"robots\" content=\"index, follow, max-snippet:-1, max-image-preview:large, max-video-preview:-1\" \/>\n<link rel=\"canonical\" href=\"https:\/\/www.ambassadorzermatt.com\/fr\/declaration-de-protection-des-donnees\/\" \/>\n<meta property=\"og:locale\" content=\"fr_FR\" \/>\n<meta property=\"og:type\" content=\"article\" \/>\n<meta property=\"og:title\" content=\"Notice de protection des donn\u00e9es - Ambassador Zermatt\" \/>\n<meta property=\"og:description\" content=\"Protection des donn\u00e9es Toutes les questions relatives \u00e0 la protection des donn\u00e9es nous tiennent particuli\u00e8rement \u00e0 c\u0153ur. Vous trouverez donc ci-dessous les informations concernant la protection de vos donn\u00e9es personnelles. G\u00e9n\u00e9ralit\u00e9s La pr\u00e9sente d\u00e9claration de protection des donn\u00e9es informe les utilisateurs sur la nature, l\u2019\u00e9tendue et les finalit\u00e9s de la collecte et de l\u2019utilisation de [&hellip;]\" \/>\n<meta property=\"og:url\" content=\"https:\/\/www.ambassadorzermatt.com\/fr\/declaration-de-protection-des-donnees\/\" \/>\n<meta property=\"og:site_name\" content=\"Ambassador Zermatt\" \/>\n<meta property=\"article:modified_time\" content=\"2025-12-04T16:02:09+00:00\" \/>\n<meta name=\"twitter:card\" content=\"summary_large_image\" \/>\n<meta name=\"twitter:label1\" content=\"Dur\u00e9e de lecture estim\u00e9e\" \/>\n\t<meta name=\"twitter:data1\" content=\"8 minutes\" \/>\n<script type=\"application\/ld+json\" class=\"yoast-schema-graph\">{\"@context\":\"https:\\\/\\\/schema.org\",\"@graph\":[{\"@type\":\"WebPage\",\"@id\":\"https:\\\/\\\/www.ambassadorzermatt.com\\\/fr\\\/declaration-de-protection-des-donnees\\\/\",\"url\":\"https:\\\/\\\/www.ambassadorzermatt.com\\\/fr\\\/declaration-de-protection-des-donnees\\\/\",\"name\":\"Notice de protection des donn\u00e9es - Ambassador Zermatt\",\"isPartOf\":{\"@id\":\"https:\\\/\\\/www.ambassadorzermatt.com\\\/fr\\\/#website\"},\"datePublished\":\"2025-11-25T11:38:21+00:00\",\"dateModified\":\"2025-12-04T16:02:09+00:00\",\"breadcrumb\":{\"@id\":\"https:\\\/\\\/www.ambassadorzermatt.com\\\/fr\\\/declaration-de-protection-des-donnees\\\/#breadcrumb\"},\"inLanguage\":\"fr-FR\",\"potentialAction\":[{\"@type\":\"ReadAction\",\"target\":[\"https:\\\/\\\/www.ambassadorzermatt.com\\\/fr\\\/declaration-de-protection-des-donnees\\\/\"]}]},{\"@type\":\"BreadcrumbList\",\"@id\":\"https:\\\/\\\/www.ambassadorzermatt.com\\\/fr\\\/declaration-de-protection-des-donnees\\\/#breadcrumb\",\"itemListElement\":[{\"@type\":\"ListItem\",\"position\":1,\"name\":\"Home\",\"item\":\"https:\\\/\\\/www.ambassadorzermatt.com\\\/fr\\\/\"},{\"@type\":\"ListItem\",\"position\":2,\"name\":\"Notice de protection des donn\u00e9es\"}]},{\"@type\":\"WebSite\",\"@id\":\"https:\\\/\\\/www.ambassadorzermatt.com\\\/fr\\\/#website\",\"url\":\"https:\\\/\\\/www.ambassadorzermatt.com\\\/fr\\\/\",\"name\":\"Ambassador Zermatt\",\"description\":\"\",\"publisher\":{\"@id\":\"https:\\\/\\\/www.ambassadorzermatt.com\\\/fr\\\/#organization\"},\"potentialAction\":[{\"@type\":\"SearchAction\",\"target\":{\"@type\":\"EntryPoint\",\"urlTemplate\":\"https:\\\/\\\/www.ambassadorzermatt.com\\\/fr\\\/?s={search_term_string}\"},\"query-input\":{\"@type\":\"PropertyValueSpecification\",\"valueRequired\":true,\"valueName\":\"search_term_string\"}}],\"inLanguage\":\"fr-FR\"},{\"@type\":\"Organization\",\"@id\":\"https:\\\/\\\/www.ambassadorzermatt.com\\\/fr\\\/#organization\",\"name\":\"Ambassador Zermatt\",\"url\":\"https:\\\/\\\/www.ambassadorzermatt.com\\\/fr\\\/\",\"logo\":{\"@type\":\"ImageObject\",\"inLanguage\":\"fr-FR\",\"@id\":\"https:\\\/\\\/www.ambassadorzermatt.com\\\/fr\\\/#\\\/schema\\\/logo\\\/image\\\/\",\"url\":\"https:\\\/\\\/www.ambassadorzermatt.com\\\/wp-content\\\/uploads\\\/amabssadorzermatt-logo.png\",\"contentUrl\":\"https:\\\/\\\/www.ambassadorzermatt.com\\\/wp-content\\\/uploads\\\/amabssadorzermatt-logo.png\",\"width\":488,\"height\":150,\"caption\":\"Ambassador Zermatt\"},\"image\":{\"@id\":\"https:\\\/\\\/www.ambassadorzermatt.com\\\/fr\\\/#\\\/schema\\\/logo\\\/image\\\/\"}}]}<\/script>\n<!-- \/ Yoast SEO plugin. -->","yoast_head_json":{"title":"Notice de protection des donn\u00e9es - Ambassador Zermatt","robots":{"index":"index","follow":"follow","max-snippet":"max-snippet:-1","max-image-preview":"max-image-preview:large","max-video-preview":"max-video-preview:-1"},"canonical":"https:\/\/www.ambassadorzermatt.com\/fr\/declaration-de-protection-des-donnees\/","og_locale":"fr_FR","og_type":"article","og_title":"Notice de protection des donn\u00e9es - Ambassador Zermatt","og_description":"Protection des donn\u00e9es Toutes les questions relatives \u00e0 la protection des donn\u00e9es nous tiennent particuli\u00e8rement \u00e0 c\u0153ur. Vous trouverez donc ci-dessous les informations concernant la protection de vos donn\u00e9es personnelles. G\u00e9n\u00e9ralit\u00e9s La pr\u00e9sente d\u00e9claration de protection des donn\u00e9es informe les utilisateurs sur la nature, l\u2019\u00e9tendue et les finalit\u00e9s de la collecte et de l\u2019utilisation de [&hellip;]","og_url":"https:\/\/www.ambassadorzermatt.com\/fr\/declaration-de-protection-des-donnees\/","og_site_name":"Ambassador Zermatt","article_modified_time":"2025-12-04T16:02:09+00:00","twitter_card":"summary_large_image","twitter_misc":{"Dur\u00e9e de lecture estim\u00e9e":"8 minutes"},"schema":{"@context":"https:\/\/schema.org","@graph":[{"@type":"WebPage","@id":"https:\/\/www.ambassadorzermatt.com\/fr\/declaration-de-protection-des-donnees\/","url":"https:\/\/www.ambassadorzermatt.com\/fr\/declaration-de-protection-des-donnees\/","name":"Notice de protection des donn\u00e9es - Ambassador Zermatt","isPartOf":{"@id":"https:\/\/www.ambassadorzermatt.com\/fr\/#website"},"datePublished":"2025-11-25T11:38:21+00:00","dateModified":"2025-12-04T16:02:09+00:00","breadcrumb":{"@id":"https:\/\/www.ambassadorzermatt.com\/fr\/declaration-de-protection-des-donnees\/#breadcrumb"},"inLanguage":"fr-FR","potentialAction":[{"@type":"ReadAction","target":["https:\/\/www.ambassadorzermatt.com\/fr\/declaration-de-protection-des-donnees\/"]}]},{"@type":"BreadcrumbList","@id":"https:\/\/www.ambassadorzermatt.com\/fr\/declaration-de-protection-des-donnees\/#breadcrumb","itemListElement":[{"@type":"ListItem","position":1,"name":"Home","item":"https:\/\/www.ambassadorzermatt.com\/fr\/"},{"@type":"ListItem","position":2,"name":"Notice de protection des donn\u00e9es"}]},{"@type":"WebSite","@id":"https:\/\/www.ambassadorzermatt.com\/fr\/#website","url":"https:\/\/www.ambassadorzermatt.com\/fr\/","name":"Ambassador Zermatt","description":"","publisher":{"@id":"https:\/\/www.ambassadorzermatt.com\/fr\/#organization"},"potentialAction":[{"@type":"SearchAction","target":{"@type":"EntryPoint","urlTemplate":"https:\/\/www.ambassadorzermatt.com\/fr\/?s={search_term_string}"},"query-input":{"@type":"PropertyValueSpecification","valueRequired":true,"valueName":"search_term_string"}}],"inLanguage":"fr-FR"},{"@type":"Organization","@id":"https:\/\/www.ambassadorzermatt.com\/fr\/#organization","name":"Ambassador Zermatt","url":"https:\/\/www.ambassadorzermatt.com\/fr\/","logo":{"@type":"ImageObject","inLanguage":"fr-FR","@id":"https:\/\/www.ambassadorzermatt.com\/fr\/#\/schema\/logo\/image\/","url":"https:\/\/www.ambassadorzermatt.com\/wp-content\/uploads\/amabssadorzermatt-logo.png","contentUrl":"https:\/\/www.ambassadorzermatt.com\/wp-content\/uploads\/amabssadorzermatt-logo.png","width":488,"height":150,"caption":"Ambassador Zermatt"},"image":{"@id":"https:\/\/www.ambassadorzermatt.com\/fr\/#\/schema\/logo\/image\/"}}]}},"_links":{"self":[{"href":"https:\/\/www.ambassadorzermatt.com\/fr\/wp-json\/wp\/v2\/pages\/1345","targetHints":{"allow":["GET"]}}],"collection":[{"href":"https:\/\/www.ambassadorzermatt.com\/fr\/wp-json\/wp\/v2\/pages"}],"about":[{"href":"https:\/\/www.ambassadorzermatt.com\/fr\/wp-json\/wp\/v2\/types\/page"}],"author":[{"embeddable":true,"href":"https:\/\/www.ambassadorzermatt.com\/fr\/wp-json\/wp\/v2\/users\/1"}],"replies":[{"embeddable":true,"href":"https:\/\/www.ambassadorzermatt.com\/fr\/wp-json\/wp\/v2\/comments?post=1345"}],"version-history":[{"count":2,"href":"https:\/\/www.ambassadorzermatt.com\/fr\/wp-json\/wp\/v2\/pages\/1345\/revisions"}],"predecessor-version":[{"id":1771,"href":"https:\/\/www.ambassadorzermatt.com\/fr\/wp-json\/wp\/v2\/pages\/1345\/revisions\/1771"}],"wp:attachment":[{"href":"https:\/\/www.ambassadorzermatt.com\/fr\/wp-json\/wp\/v2\/media?parent=1345"}],"curies":[{"name":"wp","href":"https:\/\/api.w.org\/{rel}","templated":true}]}}